{"id":214,"date":"2019-07-30T12:26:02","date_gmt":"2019-07-30T10:26:02","guid":{"rendered":"https:\/\/www.juricon.li\/unsere-dienstleistungen\/gesellschaften\/stiftung\/"},"modified":"2019-07-30T13:15:09","modified_gmt":"2019-07-30T11:15:09","slug":"stiftung","status":"publish","type":"page","link":"https:\/\/www.juricon.li\/de\/unsere-dienstleistungen\/gesellschaften\/stiftung\/","title":{"rendered":"Stiftung"},"content":{"rendered":"\n<p><strong>Die Regelungen zur Stiftung finden sich im Art. 522 \u00a7 1 bis 41 PGR.<\/strong><\/p>\n\n\n\n<p>M\u00f6gliche Zielsetzungen der Stiftung sind:<\/p>\n\n\n\n<ul class=\"wp-block-list\"><li>Schutz von privatem Verm\u00f6gen (Asset Protection),<\/li><li>Nachfolgeregelungen,<\/li><li>wirtschaftliche Absicherung von Familienmitgliedern oder sonstigen nahestehenden Personen, z.B. durch Unterhaltsregelungen,<\/li><li>Holdingfunktion zur Sicherung eines Unternehmens- oder Immobilienbestandes,<\/li><li>die Perpetuierung des Lebenswerkes des Stifters (z.B. Kunstsammlungen),<\/li><li>gemeinn\u00fctzige Zwecke.<\/li><\/ul>\n\n\n\n<p>Kommerzielle T\u00e4tigkeiten als solche (wie z.B. Handelsgesch\u00e4fte) sind der Stiftung nicht erlaubt.<\/p>\n\n\n\n<hr class=\"wp-block-separator is-style-wide\"\/>\n\n\n\n<div class=\"wp-block-columns has-2-columns is-layout-flex wp-container-core-columns-is-layout-28f84493 wp-block-columns-is-layout-flex\">\n<div class=\"wp-block-column is-layout-flow wp-block-column-is-layout-flow\">\n<p>Die Stiftung entsteht durch Widmung von Verm\u00f6gen f\u00fcr einen bestimmten Zweck zu Gunsten bestimmter oder bestimmbarer Beg\u00fcnstigter durch den Stifter. Das so zur juristischen Person erhobene Zweckverm\u00f6gen scheidet aus dem Privatverm\u00f6gen des Stifters aus und bildet das Stiftungsverm\u00f6gen.<\/p>\n\n\n\n<p>Das statutarische Mindestkapital der Stiftung betr\u00e4gt CHF 30.000,-.<\/p>\n\n\n\n<p>Je nach Zweckbestimmung wird zwischen privatn\u00fctzigen und gemeinn\u00fctzigen Stiftungen unterschieden.<\/p>\n\n\n\n<p>Neben der in das Handelsregister einzutragenden Stiftung erlaubt das Gesetz bei der privatn\u00fctzigen Stiftung auch die Form der sogenannten hinterlegten Stiftung. Bei den hinterlegten Stiftungen ist keine \u00dcbermittlung der Stiftungsdokumente an das Handelsregister erforderlich, sodass diese Rechtsform hohe Diskretion geniesst.<\/p>\n\n\n\n<p>Die Stiftung kennt keine Mitglieder, Inhaber oder Eigent\u00fcmer.&nbsp;<\/p>\n\n\n\n<p>Dem Stifter kommen nach der Errichtung der Stiftung diejenigen Rechte zu, die er sich in den Statuten und Beistatuten vorbehalten hat. Oftmals wird vom Stifter das Recht vorbehalten, die Statuten und Beistatuten und insbesondere die Beg\u00fcnstigungsregelung abzu\u00e4ndern.<\/p>\n\n\n\n<p>Nutzniesser der Stiftung sind die Beg\u00fcnstigten, wobei Aussch\u00fcttungen auch an Bedingungen oder Auflagen gekn\u00fcpft werden k\u00f6nnen. Die Beg\u00fcnstigten werden vom Stifter, \u00fcblicherweise in einem gesonderten Beistatut, benannt. Der Stifter kann sich auch selbst als Beg\u00fcnstigten benennen. Zum Schutz der Rechte der Beg\u00fcnstigten sind umfangreiche Informationsrechte gegen\u00fcber dem Stiftungsrat gesetzlich normiert.&nbsp;<\/p>\n\n\n\n<p><\/p>\n<\/div>\n\n\n\n<div class=\"wp-block-column is-layout-flow wp-block-column-is-layout-flow\">\n<p>Verwaltet wird die Stiftung vom Stiftungsrat, der aus zumindest zwei Mitgliedern besteht. Die Mitglieder des Stiftungsrates vertreten die Stiftung einzeln oder kollektiv. Der Stiftungsrat vollzieht den in den Statuten und Beistatuten festgeschriebenen Stifterwillen, hat also keine willensbildende, sondern eine dienende Funktion.&nbsp;<\/p>\n\n\n\n<p>Der Stifter kann dem Stiftungsrat auch freies Ermessen bei der Vollziehung des Stifterwillens, z.B. bei der Vornahme von Aussch\u00fcttungen an Beg\u00fcnstigte, einr\u00e4umen (diskretion\u00e4re Stiftung, Ermessensstiftung). Grundlage der Aus\u00fcbung dieses freien Ermessens ist immer der in den Statuten und Beistatuten formulierte Stifterwille.<\/p>\n\n\n\n<p>Weitere Organe wie ein Beirat, ein Kuratorium oder ein Protektor k\u00f6nnen vom Stifter eingesetzt werden, um den Stiftungsrat z.B. bei der Vornahme von Aussch\u00fcttungen an Beg\u00fcnstigte zu beraten und zu unterst\u00fctzen, aber auch zu kontrollieren.&nbsp;<\/p>\n\n\n\n<p>Die Stiftung wird von Gesetzes wegen aufgehoben und endet somit, wenn ihr Zweck unerreichbar geworden ist, insbesondere wenn sie mangels gen\u00fcgendem Verm\u00f6gen ihre Aufgabe nicht mehr erf\u00fcllen kann. Dies ist auch immer dann der Fall, wenn das gesamte Stiftungsverm\u00f6gen an die Beg\u00fcnstigten ausgesch\u00fcttet wurde und somit ersch\u00f6pft ist.<\/p>\n\n\n\n<p>Zudem kann die M\u00f6glichkeit zur jederzeitigen Aufl\u00f6sung vom Stifter in den Statuten vorgesehen werden.<\/p>\n\n\n\n<p>Die Stiftung ist nicht revisionsstellenpflichtig.<\/p>\n<\/div>\n<\/div>\n","protected":false},"excerpt":{"rendered":"<p>Die Regelungen zur Stiftung finden sich im Art. 522 \u00a7 1 bis 41 PGR. M\u00f6gliche Zielsetzungen der Stiftung sind: Schutz von privatem Verm\u00f6gen (Asset Protection), Nachfolgeregelungen, wirtschaftliche Absicherung von Familienmitgliedern oder sonstigen nahestehenden Personen, z.B. durch Unterhaltsregelungen, Holdingfunktion zur Sicherung eines Unternehmens- oder Immobilienbestandes, die Perpetuierung des Lebenswerkes des Stifters (z.B. Kunstsammlungen), gemeinn\u00fctzige Zwecke. Kommerzielle [&hellip;]<\/p>\n","protected":false},"author":1,"featured_media":0,"parent":64,"menu_order":15,"comment_status":"closed","ping_status":"closed","template":"","meta":{"_seopress_robots_primary_cat":"","_seopress_titles_title":"Stiftung im F\u00fcrstentum Liechtenstein","_seopress_titles_desc":"Privatn\u00fctzige und gemeinn\u00fctzige Stiftungen dienen einem bestimmten Zweck zu Gunsten von Beg\u00fcnstigter gem\u00e4ss dem Willen des Stifters.","_seopress_robots_index":"","site-sidebar-layout":"default","site-content-layout":"default","ast-site-content-layout":"default","site-content-style":"default","site-sidebar-style":"default","ast-global-header-display":"","ast-banner-title-visibility":"","ast-main-header-display":"","ast-hfb-above-header-display":"","ast-hfb-below-header-display":"","ast-hfb-mobile-header-display":"","site-post-title":"","ast-breadcrumbs-content":"","ast-featured-img":"","footer-sml-layout":"","ast-disable-related-posts":"","theme-transparent-header-meta":"default","adv-header-id-meta":"","stick-header-meta":"default","header-above-stick-meta":"","header-main-stick-meta":"","header-below-stick-meta":"","astra-migrate-meta-layouts":"default","ast-page-background-enabled":"default","ast-page-background-meta":{"desktop":{"background-color":"","background-image":"","background-repeat":"repeat","background-position":"center center","background-size":"auto","background-attachment":"scroll","background-type":"","background-media":"","overlay-type":"","overlay-color":"","overlay-opacity":"","overlay-gradient":""},"tablet":{"background-color":"","background-image":"","background-repeat":"repeat","background-position":"center center","background-size":"auto","background-attachment":"scroll","background-type":"","background-media":"","overlay-type":"","overlay-color":"","overlay-opacity":"","overlay-gradient":""},"mobile":{"background-color":"","background-image":"","background-repeat":"repeat","background-position":"center center","background-size":"auto","background-attachment":"scroll","background-type":"","background-media":"","overlay-type":"","overlay-color":"","overlay-opacity":"","overlay-gradient":""}},"ast-content-background-meta":{"desktop":{"background-color":"var(--ast-global-color-5)","background-image":"","background-repeat":"repeat","background-position":"center center","background-size":"auto","background-attachment":"scroll","background-type":"","background-media":"","overlay-type":"","overlay-color":"","overlay-opacity":"","overlay-gradient":""},"tablet":{"background-color":"var(--ast-global-color-5)","background-image":"","background-repeat":"repeat","background-position":"center center","background-size":"auto","background-attachment":"scroll","background-type":"","background-media":"","overlay-type":"","overlay-color":"","overlay-opacity":"","overlay-gradient":""},"mobile":{"background-color":"var(--ast-global-color-5)","background-image":"","background-repeat":"repeat","background-position":"center center","background-size":"auto","background-attachment":"scroll","background-type":"","background-media":"","overlay-type":"","overlay-color":"","overlay-opacity":"","overlay-gradient":""}},"footnotes":""},"class_list":["post-214","page","type-page","status-publish","hentry"],"_links":{"self":[{"href":"https:\/\/www.juricon.li\/de\/wp-json\/wp\/v2\/pages\/214","targetHints":{"allow":["GET"]}}],"collection":[{"href":"https:\/\/www.juricon.li\/de\/wp-json\/wp\/v2\/pages"}],"about":[{"href":"https:\/\/www.juricon.li\/de\/wp-json\/wp\/v2\/types\/page"}],"author":[{"embeddable":true,"href":"https:\/\/www.juricon.li\/de\/wp-json\/wp\/v2\/users\/1"}],"replies":[{"embeddable":true,"href":"https:\/\/www.juricon.li\/de\/wp-json\/wp\/v2\/comments?post=214"}],"version-history":[{"count":3,"href":"https:\/\/www.juricon.li\/de\/wp-json\/wp\/v2\/pages\/214\/revisions"}],"predecessor-version":[{"id":250,"href":"https:\/\/www.juricon.li\/de\/wp-json\/wp\/v2\/pages\/214\/revisions\/250"}],"up":[{"embeddable":true,"href":"https:\/\/www.juricon.li\/de\/wp-json\/wp\/v2\/pages\/64"}],"wp:attachment":[{"href":"https:\/\/www.juricon.li\/de\/wp-json\/wp\/v2\/media?parent=214"}],"curies":[{"name":"wp","href":"https:\/\/api.w.org\/{rel}","templated":true}]}}