{"id":215,"date":"2019-07-30T12:26:02","date_gmt":"2019-07-30T10:26:02","guid":{"rendered":"https:\/\/www.juricon.li\/unsere-dienstleistungen\/gesellschaften\/treuhaenderschaft-trust\/"},"modified":"2019-07-30T13:15:23","modified_gmt":"2019-07-30T11:15:23","slug":"treuhaenderschaft-trust","status":"publish","type":"page","link":"https:\/\/www.juricon.li\/de\/unsere-dienstleistungen\/gesellschaften\/treuhaenderschaft-trust\/","title":{"rendered":"Treuh\u00e4nderschaft (Trust)"},"content":{"rendered":"\n<p><strong>Das F\u00fcrstentum Liechtenstein hat als einziges kontinentaleurop\u00e4isches Land den Trust des Common Law in seine Rechtsordnung \u00fcbernommen.<\/strong><\/p>\n\n\n\n<hr class=\"wp-block-separator is-style-wide\"\/>\n\n\n\n<div class=\"wp-block-columns has-2-columns is-layout-flex wp-container-core-columns-is-layout-28f84493 wp-block-columns-is-layout-flex\">\n<div class=\"wp-block-column is-layout-flow wp-block-column-is-layout-flow\">\n<p>Der Trust entsteht durch \u00dcbergabe eines Verm\u00f6gens an einen Treuh\u00e4nder, verbunden mit der Auflage, dieses Verm\u00f6gen im Sinne des Treugebers zu verwalten und bestimmten Personen oder Institutionen Aussch\u00fcttungen zukommen zu lassen. Der Trust kann im Rahmen der Verwaltung des \u00fcbertragenen Verm\u00f6gens jederzeit Beteiligungen erwerben und Holdingfunktionen aus\u00fcben.<\/p>\n\n\n\n<p>Der Trust eignet sich ebenso wie die Stiftung sowohl zur langfristigen Sicherung eines Verm\u00f6gens als auch zur Regelung des Nachlasses des Treugebers.\u00a0<\/p>\n<\/div>\n\n\n\n<div class=\"wp-block-column is-layout-flow wp-block-column-is-layout-flow\">\n<p>Obwohl keine juristische Person als Verm\u00f6genstr\u00e4ger sondern ein Vertragsverh\u00e4ltnis mit dem Treuh\u00e4nder entsteht, scheiden die dem Treuh\u00e4nder \u00fcbergebenen Verm\u00f6genswerte aus dem Verm\u00f6gen des Treugebers aus.\u00a0<\/p>\n\n\n\n<p>Der Treugeber kann einerseits sich selbst zu Lebzeiten als Beg\u00fcnstigten bezeichnen und andererseits regeln, wie die Verm\u00f6genswerte nach seinem Tod verwendet werden sollen.<br><\/p>\n<\/div>\n<\/div>\n","protected":false},"excerpt":{"rendered":"<p>Das F\u00fcrstentum Liechtenstein hat als einziges kontinentaleurop\u00e4isches Land den Trust des Common Law in seine Rechtsordnung \u00fcbernommen. Der Trust entsteht durch \u00dcbergabe eines Verm\u00f6gens an einen Treuh\u00e4nder, verbunden mit der Auflage, dieses Verm\u00f6gen im Sinne des Treugebers zu verwalten und bestimmten Personen oder Institutionen Aussch\u00fcttungen zukommen zu lassen. Der Trust kann im Rahmen der Verwaltung [&hellip;]<\/p>\n","protected":false},"author":1,"featured_media":0,"parent":64,"menu_order":16,"comment_status":"closed","ping_status":"closed","template":"","meta":{"_seopress_robots_primary_cat":"","_seopress_titles_title":"Treuh\u00e4nderschaft (Trust) im F\u00fcrstentum Liechtenstein","_seopress_titles_desc":"Der Trust des Common Law wurde von Liechtenstein als einzigem kontinentaleurop\u00e4ischen Land in seine Rechtsordnung \u00fcbernommen.","_seopress_robots_index":"","site-sidebar-layout":"default","site-content-layout":"default","ast-site-content-layout":"default","site-content-style":"default","site-sidebar-style":"default","ast-global-header-display":"","ast-banner-title-visibility":"","ast-main-header-display":"","ast-hfb-above-header-display":"","ast-hfb-below-header-display":"","ast-hfb-mobile-header-display":"","site-post-title":"","ast-breadcrumbs-content":"","ast-featured-img":"","footer-sml-layout":"","ast-disable-related-posts":"","theme-transparent-header-meta":"default","adv-header-id-meta":"","stick-header-meta":"default","header-above-stick-meta":"","header-main-stick-meta":"","header-below-stick-meta":"","astra-migrate-meta-layouts":"default","ast-page-background-enabled":"default","ast-page-background-meta":{"desktop":{"background-color":"","background-image":"","background-repeat":"repeat","background-position":"center center","background-size":"auto","background-attachment":"scroll","background-type":"","background-media":"","overlay-type":"","overlay-color":"","overlay-opacity":"","overlay-gradient":""},"tablet":{"background-color":"","background-image":"","background-repeat":"repeat","background-position":"center center","background-size":"auto","background-attachment":"scroll","background-type":"","background-media":"","overlay-type":"","overlay-color":"","overlay-opacity":"","overlay-gradient":""},"mobile":{"background-color":"","background-image":"","background-repeat":"repeat","background-position":"center center","background-size":"auto","background-attachment":"scroll","background-type":"","background-media":"","overlay-type":"","overlay-color":"","overlay-opacity":"","overlay-gradient":""}},"ast-content-background-meta":{"desktop":{"background-color":"var(--ast-global-color-5)","background-image":"","background-repeat":"repeat","background-position":"center center","background-size":"auto","background-attachment":"scroll","background-type":"","background-media":"","overlay-type":"","overlay-color":"","overlay-opacity":"","overlay-gradient":""},"tablet":{"background-color":"var(--ast-global-color-5)","background-image":"","background-repeat":"repeat","background-position":"center center","background-size":"auto","background-attachment":"scroll","background-type":"","background-media":"","overlay-type":"","overlay-color":"","overlay-opacity":"","overlay-gradient":""},"mobile":{"background-color":"var(--ast-global-color-5)","background-image":"","background-repeat":"repeat","background-position":"center center","background-size":"auto","background-attachment":"scroll","background-type":"","background-media":"","overlay-type":"","overlay-color":"","overlay-opacity":"","overlay-gradient":""}},"footnotes":""},"class_list":["post-215","page","type-page","status-publish","hentry"],"_links":{"self":[{"href":"https:\/\/www.juricon.li\/de\/wp-json\/wp\/v2\/pages\/215","targetHints":{"allow":["GET"]}}],"collection":[{"href":"https:\/\/www.juricon.li\/de\/wp-json\/wp\/v2\/pages"}],"about":[{"href":"https:\/\/www.juricon.li\/de\/wp-json\/wp\/v2\/types\/page"}],"author":[{"embeddable":true,"href":"https:\/\/www.juricon.li\/de\/wp-json\/wp\/v2\/users\/1"}],"replies":[{"embeddable":true,"href":"https:\/\/www.juricon.li\/de\/wp-json\/wp\/v2\/comments?post=215"}],"version-history":[{"count":3,"href":"https:\/\/www.juricon.li\/de\/wp-json\/wp\/v2\/pages\/215\/revisions"}],"predecessor-version":[{"id":253,"href":"https:\/\/www.juricon.li\/de\/wp-json\/wp\/v2\/pages\/215\/revisions\/253"}],"up":[{"embeddable":true,"href":"https:\/\/www.juricon.li\/de\/wp-json\/wp\/v2\/pages\/64"}],"wp:attachment":[{"href":"https:\/\/www.juricon.li\/de\/wp-json\/wp\/v2\/media?parent=215"}],"curies":[{"name":"wp","href":"https:\/\/api.w.org\/{rel}","templated":true}]}}