{"id":216,"date":"2019-07-30T12:26:02","date_gmt":"2019-07-30T10:26:02","guid":{"rendered":"https:\/\/www.juricon.li\/unsere-dienstleistungen\/gesellschaften\/anstalt\/"},"modified":"2019-07-30T13:15:38","modified_gmt":"2019-07-30T11:15:38","slug":"anstalt","status":"publish","type":"page","link":"https:\/\/www.juricon.li\/de\/unsere-dienstleistungen\/gesellschaften\/anstalt\/","title":{"rendered":"Anstalt"},"content":{"rendered":"\n<p><strong>Die Regelungen zur Anstalt finden sich in Art. 534 ff PGR.<\/strong><\/p>\n\n\n\n<hr class=\"wp-block-separator is-style-wide\"\/>\n\n\n\n<div class=\"wp-block-columns has-2-columns is-layout-flex wp-container-core-columns-is-layout-28f84493 wp-block-columns-is-layout-flex\">\n<div class=\"wp-block-column is-layout-flow wp-block-column-is-layout-flow\">\n<p><\/p>\n\n\n\n<p>Bei der Anstalt handelt es sich um eine typisch liechtensteinische Rechtsform des privaten Rechts.<\/p>\n\n\n\n<p>Die Anstalt kann entweder f\u00fcr kommerzielle Zwecke (z.B. Abwicklung von Handels- oder Immobiliengesch\u00e4ften) oder f\u00fcr nicht-kommerzielle Zwecke (z.B. Anlage und Verwaltung von Verm\u00f6gen, das Halten von Beteiligungen und Immobilien) verwendet werden.<\/p>\n\n\n\n<p>Die Anstalt ist eine juristische Person und wird im Handelsregister eingetragen.\u00a0<\/p>\n\n\n\n<p>Das statutarische Mindestkapital der Anstalt betr\u00e4gt CHF 30.000,-- und ist bei der Gr\u00fcndung bar einzuzahlen. Es kann in Anteile zerlegt werden.<\/p>\n\n\n\n<p>Oberstes Organ ist \u00fcblicherweise der Gr\u00fcnder bzw. dessen Rechtsnachfolger, der Inhaber der Gr\u00fcnderrechte, dem eine eigent\u00fcmer\u00e4hnliche Stellung zukommt. Die Gr\u00fcnderrechte k\u00f6nnen ver\u00e4ussert, vererbt oder sonst \u00fcbertragen werden und sind in der Regel in einer sogenannten \u201eZessionserkl\u00e4rung\u201c verbrieft. Wird das Kapital in Anteile zerlegt k\u00f6nnen alternativ bei entsprechender Regelung in den Statuten Anteilsscheine ausgegeben werden.<\/p>\n<\/div>\n\n\n\n<div class=\"wp-block-column is-layout-flow wp-block-column-is-layout-flow\">\n<p>Der Verwaltungsrat f\u00fchrt die Gesch\u00e4fte der Anstalt und besteht aus einem oder mehreren Mitgliedern. Die Mitglieder des Verwaltungsrates vertreten die Anstalt nach aussen einzeln oder kollektiv.<\/p>\n\n\n\n<p>F\u00fcr die Anstalt k\u00f6nnen vom Gr\u00fcnder bzw. dessen Rechtsnachfolger Beg\u00fcnstigte bestellt werden. Sind keine gesonderten Beg\u00fcnstigten bestellt, so ist der Gr\u00fcnder bzw. dessen Rechtsnachfolger alleine beg\u00fcnstigt.<\/p>\n\n\n\n<p>Die Liquidation der Anstalt wird aufgrund eines Beschlusses des Gr\u00fcnders bzw. des Inhabers der Gr\u00fcnderrechte eingeleitet. Die L\u00f6schung im Handelsregister erfolgt fr\u00fchestens nach Ablauf der gesetzlichen Sperrfrist von 6 Monaten.<\/p>\n\n\n\n<p>Die kommerziell t\u00e4tige Anstalt ist revisionsstellenpflichtig.<\/p>\n<\/div>\n<\/div>\n","protected":false},"excerpt":{"rendered":"<p>Die Regelungen zur Anstalt finden sich in Art. 534 ff PGR. Bei der Anstalt handelt es sich um eine typisch liechtensteinische Rechtsform des privaten Rechts. Die Anstalt kann entweder f\u00fcr kommerzielle Zwecke (z.B. Abwicklung von Handels- oder Immobiliengesch\u00e4ften) oder f\u00fcr nicht-kommerzielle Zwecke (z.B. Anlage und Verwaltung von Verm\u00f6gen, das Halten von Beteiligungen und Immobilien) verwendet [&hellip;]<\/p>\n","protected":false},"author":1,"featured_media":0,"parent":64,"menu_order":17,"comment_status":"closed","ping_status":"closed","template":"","meta":{"_seopress_robots_primary_cat":"","_seopress_titles_title":"Anstalt im F\u00fcrstentum Liechtenstein","_seopress_titles_desc":"Die Anstalt ist eine typisch liechtensteinische Rechtsform des privaten Rechts, f\u00fcr kommerzielle und nicht-kommerzielle Zwecke.","_seopress_robots_index":"","site-sidebar-layout":"default","site-content-layout":"default","ast-site-content-layout":"default","site-content-style":"default","site-sidebar-style":"default","ast-global-header-display":"","ast-banner-title-visibility":"","ast-main-header-display":"","ast-hfb-above-header-display":"","ast-hfb-below-header-display":"","ast-hfb-mobile-header-display":"","site-post-title":"","ast-breadcrumbs-content":"","ast-featured-img":"","footer-sml-layout":"","ast-disable-related-posts":"","theme-transparent-header-meta":"default","adv-header-id-meta":"","stick-header-meta":"default","header-above-stick-meta":"","header-main-stick-meta":"","header-below-stick-meta":"","astra-migrate-meta-layouts":"default","ast-page-background-enabled":"default","ast-page-background-meta":{"desktop":{"background-color":"","background-image":"","background-repeat":"repeat","background-position":"center center","background-size":"auto","background-attachment":"scroll","background-type":"","background-media":"","overlay-type":"","overlay-color":"","overlay-opacity":"","overlay-gradient":""},"tablet":{"background-color":"","background-image":"","background-repeat":"repeat","background-position":"center center","background-size":"auto","background-attachment":"scroll","background-type":"","background-media":"","overlay-type":"","overlay-color":"","overlay-opacity":"","overlay-gradient":""},"mobile":{"background-color":"","background-image":"","background-repeat":"repeat","background-position":"center center","background-size":"auto","background-attachment":"scroll","background-type":"","background-media":"","overlay-type":"","overlay-color":"","overlay-opacity":"","overlay-gradient":""}},"ast-content-background-meta":{"desktop":{"background-color":"var(--ast-global-color-5)","background-image":"","background-repeat":"repeat","background-position":"center center","background-size":"auto","background-attachment":"scroll","background-type":"","background-media":"","overlay-type":"","overlay-color":"","overlay-opacity":"","overlay-gradient":""},"tablet":{"background-color":"var(--ast-global-color-5)","background-image":"","background-repeat":"repeat","background-position":"center center","background-size":"auto","background-attachment":"scroll","background-type":"","background-media":"","overlay-type":"","overlay-color":"","overlay-opacity":"","overlay-gradient":""},"mobile":{"background-color":"var(--ast-global-color-5)","background-image":"","background-repeat":"repeat","background-position":"center center","background-size":"auto","background-attachment":"scroll","background-type":"","background-media":"","overlay-type":"","overlay-color":"","overlay-opacity":"","overlay-gradient":""}},"footnotes":""},"class_list":["post-216","page","type-page","status-publish","hentry"],"_links":{"self":[{"href":"https:\/\/www.juricon.li\/de\/wp-json\/wp\/v2\/pages\/216","targetHints":{"allow":["GET"]}}],"collection":[{"href":"https:\/\/www.juricon.li\/de\/wp-json\/wp\/v2\/pages"}],"about":[{"href":"https:\/\/www.juricon.li\/de\/wp-json\/wp\/v2\/types\/page"}],"author":[{"embeddable":true,"href":"https:\/\/www.juricon.li\/de\/wp-json\/wp\/v2\/users\/1"}],"replies":[{"embeddable":true,"href":"https:\/\/www.juricon.li\/de\/wp-json\/wp\/v2\/comments?post=216"}],"version-history":[{"count":1,"href":"https:\/\/www.juricon.li\/de\/wp-json\/wp\/v2\/pages\/216\/revisions"}],"predecessor-version":[{"id":254,"href":"https:\/\/www.juricon.li\/de\/wp-json\/wp\/v2\/pages\/216\/revisions\/254"}],"up":[{"embeddable":true,"href":"https:\/\/www.juricon.li\/de\/wp-json\/wp\/v2\/pages\/64"}],"wp:attachment":[{"href":"https:\/\/www.juricon.li\/de\/wp-json\/wp\/v2\/media?parent=216"}],"curies":[{"name":"wp","href":"https:\/\/api.w.org\/{rel}","templated":true}]}}