{"id":217,"date":"2019-07-30T12:26:02","date_gmt":"2019-07-30T10:26:02","guid":{"rendered":"https:\/\/www.juricon.li\/unsere-dienstleistungen\/gesellschaften\/aktiengesellschaft\/"},"modified":"2019-07-30T13:15:54","modified_gmt":"2019-07-30T11:15:54","slug":"aktiengesellschaft","status":"publish","type":"page","link":"https:\/\/www.juricon.li\/de\/unsere-dienstleistungen\/gesellschaften\/aktiengesellschaft\/","title":{"rendered":"Aktiengesellschaft"},"content":{"rendered":"\n<p><strong>Die Regelungen zur Aktiengesellschaft finden sich in Art. 261 ff PGR.<\/strong><\/p>\n\n\n\n<hr class=\"wp-block-separator is-style-wide\"\/>\n\n\n\n<div class=\"wp-block-columns has-2-columns is-layout-flex wp-container-core-columns-is-layout-28f84493 wp-block-columns-is-layout-flex\">\n<div class=\"wp-block-column is-layout-flow wp-block-column-is-layout-flow\">\n<p>Bei der Aktiengesellschaft (AG) handelt es sich um die international bekannteste Rechtsform. Die Rechtsvorschriften \u00fcber die AG wurden aufgrund des Beitrittes des F\u00fcrstentums Liechtenstein zum EWR dem geltenden EU Recht angepasst.<\/p>\n\n\n\n<p>Der m\u00f6gliche Zweck der Aktiengesellschaft beinhaltet jede Art von wirtschaftlichen Aktivit\u00e4ten im Rahmen der geltenden Rechtsvorschriften, insbesondere:<\/p>\n\n\n\n<ul class=\"wp-block-list\"><li>internationale Handelsgesch\u00e4fte,<\/li><li>Immobiliengesch\u00e4fte,<\/li><li>(Zwischen-)Holdingfunktion.<\/li><\/ul>\n\n\n\n<p>Die Aktiengesellschaft ist eine juristische Person und wird im Handelsregister eingetragen.<\/p>\n\n\n\n<p>Das statutarische Mindestkapital betr\u00e4gt CHF 50.000,-- und ist bei der Gr\u00fcndung bar einzuzahlen.<\/p>\n\n\n\n<p>Oberstes Organ der Aktiengesellschaft ist die Generalversammlung der Aktion\u00e4re. Die Aktion\u00e4re haben Anspruch auf den Gewinn und das allf\u00e4llige Liquidationsergebnis der Aktiengesellschaft.<\/p>\n\n\n\n<p>Neben der Ausstellung von Namensaktien sind auch Inhaberaktien zul\u00e4ssig.<\/p>\n<\/div>\n\n\n\n<div class=\"wp-block-column is-layout-flow wp-block-column-is-layout-flow\">\n<p>Der Verwaltungsrat f\u00fchrt die Gesch\u00e4fte der Aktiengesellschaft und besteht aus einem oder mehreren Mitgliedern. Die Mitglieder des Verwaltungsrates vertreten die Aktiengesellschaft nach aussen einzeln oder kollektiv.<\/p>\n\n\n\n<p>Die Liquidation der Aktiengesellschaft wird aufgrund eines Beschlusses der Generalversammlung eingeleitet. Die L\u00f6schung im Handelsregister erfolgt fr\u00fchestens nach Ablauf der gesetzlichen Sperrfrist von 6 Monaten.<\/p>\n\n\n\n<p>Die Aktiengesellschaft ist revisionsstellenpflichtig. Die von der Revisionsstelle gepr\u00fcfte Bilanz mit Anhang ist binnen 15 Monaten nach Abschluss des Gesch\u00e4ftsjahres beim Handelsregister einzureichen und kann durch Dritte eingesehen werden.&nbsp;<\/p>\n\n\n\n<p>Neben der liechtensteinischen Aktiengesellschaft kennt das liechtensteinische Recht auch die Europ\u00e4ische Aktiengesellschaft (S.E., Societas Europaea).<br><\/p>\n<\/div>\n<\/div>\n","protected":false},"excerpt":{"rendered":"<p>Die Regelungen zur Aktiengesellschaft finden sich in Art. 261 ff PGR. Bei der Aktiengesellschaft (AG) handelt es sich um die international bekannteste Rechtsform. Die Rechtsvorschriften \u00fcber die AG wurden aufgrund des Beitrittes des F\u00fcrstentums Liechtenstein zum EWR dem geltenden EU Recht angepasst. Der m\u00f6gliche Zweck der Aktiengesellschaft beinhaltet jede Art von wirtschaftlichen Aktivit\u00e4ten im Rahmen [&hellip;]<\/p>\n","protected":false},"author":1,"featured_media":0,"parent":64,"menu_order":18,"comment_status":"closed","ping_status":"closed","template":"","meta":{"_seopress_robots_primary_cat":"","_seopress_titles_title":"Aktiengesellschaft im F\u00fcrstentum Liechtenstein","_seopress_titles_desc":"Die Aktiengesellschaft (AG) ist die international bekannteste Rechtsform f\u00fcr wirtschaftliche Aktivit\u00e4ten.","_seopress_robots_index":"","_seopress_analysis_target_kw":"","site-sidebar-layout":"default","site-content-layout":"default","ast-site-content-layout":"default","site-content-style":"default","site-sidebar-style":"default","ast-global-header-display":"","ast-banner-title-visibility":"","ast-main-header-display":"","ast-hfb-above-header-display":"","ast-hfb-below-header-display":"","ast-hfb-mobile-header-display":"","site-post-title":"","ast-breadcrumbs-content":"","ast-featured-img":"","footer-sml-layout":"","ast-disable-related-posts":"","theme-transparent-header-meta":"default","adv-header-id-meta":"","stick-header-meta":"default","header-above-stick-meta":"","header-main-stick-meta":"","header-below-stick-meta":"","astra-migrate-meta-layouts":"default","ast-page-background-enabled":"default","ast-page-background-meta":{"desktop":{"background-color":"","background-image":"","background-repeat":"repeat","background-position":"center center","background-size":"auto","background-attachment":"scroll","background-type":"","background-media":"","overlay-type":"","overlay-color":"","overlay-opacity":"","overlay-gradient":""},"tablet":{"background-color":"","background-image":"","background-repeat":"repeat","background-position":"center center","background-size":"auto","background-attachment":"scroll","background-type":"","background-media":"","overlay-type":"","overlay-color":"","overlay-opacity":"","overlay-gradient":""},"mobile":{"background-color":"","background-image":"","background-repeat":"repeat","background-position":"center center","background-size":"auto","background-attachment":"scroll","background-type":"","background-media":"","overlay-type":"","overlay-color":"","overlay-opacity":"","overlay-gradient":""}},"ast-content-background-meta":{"desktop":{"background-color":"var(--ast-global-color-5)","background-image":"","background-repeat":"repeat","background-position":"center center","background-size":"auto","background-attachment":"scroll","background-type":"","background-media":"","overlay-type":"","overlay-color":"","overlay-opacity":"","overlay-gradient":""},"tablet":{"background-color":"var(--ast-global-color-5)","background-image":"","background-repeat":"repeat","background-position":"center center","background-size":"auto","background-attachment":"scroll","background-type":"","background-media":"","overlay-type":"","overlay-color":"","overlay-opacity":"","overlay-gradient":""},"mobile":{"background-color":"var(--ast-global-color-5)","background-image":"","background-repeat":"repeat","background-position":"center center","background-size":"auto","background-attachment":"scroll","background-type":"","background-media":"","overlay-type":"","overlay-color":"","overlay-opacity":"","overlay-gradient":""}},"footnotes":""},"class_list":["post-217","page","type-page","status-publish","hentry"],"_links":{"self":[{"href":"https:\/\/www.juricon.li\/de\/wp-json\/wp\/v2\/pages\/217","targetHints":{"allow":["GET"]}}],"collection":[{"href":"https:\/\/www.juricon.li\/de\/wp-json\/wp\/v2\/pages"}],"about":[{"href":"https:\/\/www.juricon.li\/de\/wp-json\/wp\/v2\/types\/page"}],"author":[{"embeddable":true,"href":"https:\/\/www.juricon.li\/de\/wp-json\/wp\/v2\/users\/1"}],"replies":[{"embeddable":true,"href":"https:\/\/www.juricon.li\/de\/wp-json\/wp\/v2\/comments?post=217"}],"version-history":[{"count":2,"href":"https:\/\/www.juricon.li\/de\/wp-json\/wp\/v2\/pages\/217\/revisions"}],"predecessor-version":[{"id":256,"href":"https:\/\/www.juricon.li\/de\/wp-json\/wp\/v2\/pages\/217\/revisions\/256"}],"up":[{"embeddable":true,"href":"https:\/\/www.juricon.li\/de\/wp-json\/wp\/v2\/pages\/64"}],"wp:attachment":[{"href":"https:\/\/www.juricon.li\/de\/wp-json\/wp\/v2\/media?parent=217"}],"curies":[{"name":"wp","href":"https:\/\/api.w.org\/{rel}","templated":true}]}}