{"id":218,"date":"2019-07-30T12:26:02","date_gmt":"2019-07-30T10:26:02","guid":{"rendered":"https:\/\/www.juricon.li\/unsere-dienstleistungen\/gesellschaften\/gmbh\/"},"modified":"2019-10-03T09:23:09","modified_gmt":"2019-10-03T07:23:09","slug":"gmbh","status":"publish","type":"page","link":"https:\/\/www.juricon.li\/de\/unsere-dienstleistungen\/gesellschaften\/gmbh\/","title":{"rendered":"GmbH"},"content":{"rendered":"\n<p><strong>Eine liechtensteinische GmbH ist eine Gesellschaft mit eigener Rechtspers\u00f6nlichkeit, die aus einem oder auch aus mehreren Gesellschaftern besteht. Die Gr\u00fcndung einer GmbH eignet sich besonders f\u00fcr kleinere und mittlere Unternehmen aufgrund des tieferen Kapitalbedarfs.&nbsp;<\/strong><\/p>\n\n\n\n<p>Ein Einzelunternehmer in\nLiechtenstein kann von der M\u00f6glichkeit der Gr\u00fcndung einer Ein-Mann-GmbH\nprofitieren. Daneben ist die GmbH auch eine international anerkannte\nGesellschaftsform und bringt den Vorteil einer Haftungsbegrenzung mit sich. F\u00fcr\ndie Verbindlichkeiten der Gesellschaft haftet n\u00e4mlich das\nGesellschaftsverm\u00f6gen. Die Haftung wird dabei f\u00fcr jeden Teilnehmer auf einen\nbestimmten Betrag beschr\u00e4nkt, sofern die Statuten nicht eine Ausnahme vorsehen.\n<\/p>\n\n\n\n<hr class=\"wp-block-separator is-style-wide\"\/>\n\n\n\n<div class=\"wp-block-columns has-2-columns is-layout-flex wp-container-core-columns-is-layout-28f84493 wp-block-columns-is-layout-flex\">\n<div class=\"wp-block-column is-layout-flow wp-block-column-is-layout-flow\">\n<h2 class=\"wp-block-heading\">Organisation<\/h2>\n\n\n\n<p>Die Gesellschafterversammlung bildet\ndas oberste Organ der Gesellschaft, sofern die Statuten nichts anderes\nvorsehen, und ist mindestens einmal j\u00e4hrlich einzuberufen. F\u00fcr die\nGesch\u00e4ftsf\u00fchrung und die Vertretung der Gesellschaft nach aussen sind alle\nGesellschafter gemeinsam zust\u00e4ndig, sofern die Statuten nichts anderes\nvorsehen. Durch Gesellschafterbeschluss oder Festlegung in den Statuten kann\ndie Aufgabe der Gesch\u00e4ftsf\u00fchrung und Vertretung auch einem oder mehreren Gesellschaftern\nbzw. einem Dritten \u00fcbertragen werden. Wenn die GmbH ein nach kaufm\u00e4nnischer Art\ngef\u00fchrtes Gewerbe betreibt oder den nicht gesch\u00e4ftsf\u00fchrenden Gesellschaftern\nkeine Kontrollfunktion zugewiesen wird, muss eine Revisionsstelle bestellt\nwerden. Zudem ist auch eine Repr\u00e4sentanz zu bestellen, sofern keine inl\u00e4ndische\nZustelladresse bezeichnet wird. Der Repr\u00e4sentant ist die offizielle Postadresse\nund Bindeglied zu den Beh\u00f6rden. <\/p>\n\n\n\n<h2 class=\"wp-block-heading\">Zweck<\/h2>\n\n\n\n<p>Der Zweck der liechtensteinischen\nGmbH kann wirtschaftlicher oder nicht-wirtschaftlicher Art sein und muss\ngesetzeskonform und vernunftgem\u00e4ss sein sowie den guten Sitten entsprechen. <\/p>\n\n\n\n<p>Auf alle F\u00e4lle muss aus der\nBestimmung \u00fcber den Zweck der GmbH hervorgehen, ob ein nach kaufm\u00e4nnischer Art\ngef\u00fchrtes Gewerbe betrieben wird oder nicht. <\/p>\n\n\n\n<h2 class=\"wp-block-heading\">Firma<\/h2>\n\n\n\n<p>Der Firmenwortlaut ist frei w\u00e4hlbar;\nauch Phantasie- und Sachbezeichnungen sind zul\u00e4ssig, sofern diese nicht dem\nHauptzweck widersprechen. Es m\u00fcssen aber der unabgek\u00fcrzte Zusatz \u201eGesellschaft\nmit beschr\u00e4nkter Haftung\u201c oder die Abk\u00fcrzung \u201eGmbH\u201c oder \u201eGes.m.b.H.\u201c bzw. bei\nGmbHs, die kein nach kaufm\u00e4nnischer Art gef\u00fchrtes Gewerbe betreiben, die\nentsprechenden fremdsprachigen Ausdr\u00fccke, enthalten sein. Auch die Verwendung\nvon Personennamen ist zul\u00e4ssig, wenn der Tr\u00e4ger des betroffenen Namens selbst\nGesellschafter ist. <\/p>\n\n\n\n<h2 class=\"wp-block-heading\">Kapital<\/h2>\n\n\n\n<p>Das statutarische Kapital kann in\nSchweizerfranken, Euro und US-Dollar festgelegt werden, wobei aber das\nMindeststammkapital stets zu beachten ist. Das Mindeststammkapital betr\u00e4gt CHF\n10'000.00, EUR 10'000.00 oder USD 10'000.00. Das Stammkapital kann also auf CHF\n10'000.00, EUR 10'000.00 oder USD 10'000.00 oder einen beliebigen h\u00f6heren\nBetrag festgesetzt werden. Die Stammeinlage eines jeden Gesellschafters, welche\nnicht zur\u00fcckgefordert werden kann, muss mindestens CHF 50.00 betragen. Die\nGr\u00fcndung der Gesellschaft kann als Bar- oder Sachgr\u00fcndung erfolgen. <\/p>\n\n\n\n<p>Das Mindeststammkapital muss bei der\nGr\u00fcndung voll einbezahlt bzw. eingebracht werden. Das Kapital steht der\nGesellschaft zur freien Verf\u00fcgung, sobald sie im Handelsregister eingetragen\nwurde. <\/p>\n<\/div>\n\n\n\n<div class=\"wp-block-column is-layout-flow wp-block-column-is-layout-flow\">\n<h2 class=\"wp-block-heading\">Gr\u00fcndung<\/h2>\n\n\n\n<p>Eine oder mehrere Personen, Firmen\noder privat- oder \u00f6ffentlich-rechtliche Verbandspersonen k\u00f6nnen dabei eine GmbH\ngr\u00fcnden. F\u00fcr die Gr\u00fcndung einer liechtensteinischen GmbH gen\u00fcgt aber bereits\nein Gr\u00fcnder. Die Gr\u00fcndung bedarf der \u00f6ffentlichen Beurkundung. Wenn eine GmbH\naus maximal drei Gesellschaftern und nur aus einem Gesch\u00e4ftsf\u00fchrer besteht,\nkann eine Gr\u00fcndung im vereinfachten Verfahren vorgenommen werden und die\n\u00f6ffentliche Beurkundung entf\u00e4llt. <\/p>\n\n\n\n<p>Die liechtensteinische GmbH entsteht\njedoch erst mit ihrer Eintragung im Handelsregister. <\/p>\n\n\n\n<h2 class=\"wp-block-heading\">Statuten<\/h2>\n\n\n\n<p>Die Statuten der liechtensteinischen\nGmbH m\u00fcssen die gesetzlich notwendigen Angaben oder Bestimmungen enthalten. F\u00fcr\ndie Gr\u00fcndung einer GmbH im vereinfachten Verfahren muss das vom Amt f\u00fcr Justiz\nauf seiner Homepage elektronisch (oder beim Amt f\u00fcr Justiz in Papierform) zur\nVerf\u00fcgung gestellte Musterprotokoll verwendet werden. Das Musterprotokoll\nbesteht aus dem Errichtungsakt sowie den Statuten und muss den gesetzlich\nnotwendigen Inhalt aufweisen. Des Weiteren m\u00fcssen die Unterschriften der\nGr\u00fcnder auf den Statuten (d.h. die Unterschriften am Ende des Musterprotokolls)\nbeglaubigt werden. <\/p>\n\n\n\n<h2 class=\"wp-block-heading\">Rechnungslegungs-\nund Offenlegungsvorschriften<\/h2>\n\n\n\n<p>Festzuhalten ist, dass s\u00e4mtliche\nliechtensteinische GmbHs, unabh\u00e4ngig davon ob sie ein nach kaufm\u00e4nnischer Art\ngef\u00fchrtes Gewerbe betreiben oder nicht, zu einer ordnungsm\u00e4ssigen\nRechnungslegung verpflichtet sind. Die gesetzlichen Vertreter der GmbH sind verpflichtet,\ndie ordnungsgem\u00e4ss gebilligte Jahresrechnung und den Pr\u00fcfungsbericht sp\u00e4testens\nvor Ablauf des zw\u00f6lften Monats nach dem Bilanzstichtag beim Amt f\u00fcr Justiz\neinzureichen. <\/p>\n<\/div>\n<\/div>\n","protected":false},"excerpt":{"rendered":"<p>Eine liechtensteinische GmbH ist eine Gesellschaft mit eigener Rechtspers\u00f6nlichkeit, die aus einem oder auch aus mehreren Gesellschaftern besteht. Die Gr\u00fcndung einer GmbH eignet sich besonders f\u00fcr kleinere und mittlere Unternehmen aufgrund des tieferen Kapitalbedarfs.&nbsp; Ein Einzelunternehmer in Liechtenstein kann von der M\u00f6glichkeit der Gr\u00fcndung einer Ein-Mann-GmbH profitieren. Daneben ist die GmbH auch eine international anerkannte [&hellip;]<\/p>\n","protected":false},"author":1,"featured_media":0,"parent":64,"menu_order":19,"comment_status":"closed","ping_status":"closed","template":"","meta":{"_seopress_robots_primary_cat":"","_seopress_titles_title":"GmbH im F\u00fcrstentum Liechtenstein","_seopress_titles_desc":"Eine liechtensteinische GmbH ist eine Gesellschaft mit eigener Rechtspers\u00f6nlichkeit, die aus einem oder auch aus mehreren Gesellschaftern besteht. ","_seopress_robots_index":"","site-sidebar-layout":"default","site-content-layout":"default","ast-site-content-layout":"default","site-content-style":"default","site-sidebar-style":"default","ast-global-header-display":"","ast-banner-title-visibility":"","ast-main-header-display":"","ast-hfb-above-header-display":"","ast-hfb-below-header-display":"","ast-hfb-mobile-header-display":"","site-post-title":"","ast-breadcrumbs-content":"","ast-featured-img":"","footer-sml-layout":"","ast-disable-related-posts":"","theme-transparent-header-meta":"default","adv-header-id-meta":"","stick-header-meta":"default","header-above-stick-meta":"","header-main-stick-meta":"","header-below-stick-meta":"","astra-migrate-meta-layouts":"default","ast-page-background-enabled":"default","ast-page-background-meta":{"desktop":{"background-color":"","background-image":"","background-repeat":"repeat","background-position":"center center","background-size":"auto","background-attachment":"scroll","background-type":"","background-media":"","overlay-type":"","overlay-color":"","overlay-opacity":"","overlay-gradient":""},"tablet":{"background-color":"","background-image":"","background-repeat":"repeat","background-position":"center center","background-size":"auto","background-attachment":"scroll","background-type":"","background-media":"","overlay-type":"","overlay-color":"","overlay-opacity":"","overlay-gradient":""},"mobile":{"background-color":"","background-image":"","background-repeat":"repeat","background-position":"center center","background-size":"auto","background-attachment":"scroll","background-type":"","background-media":"","overlay-type":"","overlay-color":"","overlay-opacity":"","overlay-gradient":""}},"ast-content-background-meta":{"desktop":{"background-color":"var(--ast-global-color-5)","background-image":"","background-repeat":"repeat","background-position":"center center","background-size":"auto","background-attachment":"scroll","background-type":"","background-media":"","overlay-type":"","overlay-color":"","overlay-opacity":"","overlay-gradient":""},"tablet":{"background-color":"var(--ast-global-color-5)","background-image":"","background-repeat":"repeat","background-position":"center center","background-size":"auto","background-attachment":"scroll","background-type":"","background-media":"","overlay-type":"","overlay-color":"","overlay-opacity":"","overlay-gradient":""},"mobile":{"background-color":"var(--ast-global-color-5)","background-image":"","background-repeat":"repeat","background-position":"center center","background-size":"auto","background-attachment":"scroll","background-type":"","background-media":"","overlay-type":"","overlay-color":"","overlay-opacity":"","overlay-gradient":""}},"footnotes":""},"class_list":["post-218","page","type-page","status-publish","hentry"],"_links":{"self":[{"href":"https:\/\/www.juricon.li\/de\/wp-json\/wp\/v2\/pages\/218","targetHints":{"allow":["GET"]}}],"collection":[{"href":"https:\/\/www.juricon.li\/de\/wp-json\/wp\/v2\/pages"}],"about":[{"href":"https:\/\/www.juricon.li\/de\/wp-json\/wp\/v2\/types\/page"}],"author":[{"embeddable":true,"href":"https:\/\/www.juricon.li\/de\/wp-json\/wp\/v2\/users\/1"}],"replies":[{"embeddable":true,"href":"https:\/\/www.juricon.li\/de\/wp-json\/wp\/v2\/comments?post=218"}],"version-history":[{"count":5,"href":"https:\/\/www.juricon.li\/de\/wp-json\/wp\/v2\/pages\/218\/revisions"}],"predecessor-version":[{"id":322,"href":"https:\/\/www.juricon.li\/de\/wp-json\/wp\/v2\/pages\/218\/revisions\/322"}],"up":[{"embeddable":true,"href":"https:\/\/www.juricon.li\/de\/wp-json\/wp\/v2\/pages\/64"}],"wp:attachment":[{"href":"https:\/\/www.juricon.li\/de\/wp-json\/wp\/v2\/media?parent=218"}],"curies":[{"name":"wp","href":"https:\/\/api.w.org\/{rel}","templated":true}]}}