{"id":53,"date":"2019-07-29T10:12:55","date_gmt":"2019-07-29T08:12:55","guid":{"rendered":"https:\/\/www.juricon.li\/home\/"},"modified":"2020-01-08T15:02:35","modified_gmt":"2020-01-08T14:02:35","slug":"home","status":"publish","type":"page","link":"https:\/\/www.juricon.li\/de\/","title":{"rendered":"Home"},"content":{"rendered":"\t\t<div data-elementor-type=\"wp-post\" data-elementor-id=\"53\" class=\"elementor elementor-53\" data-elementor-post-type=\"page\">\n\t\t\t\t\t\t<section class=\"elementor-section elementor-top-section elementor-element elementor-element-84911a9 elementor-section-content-middle elementor-section-boxed elementor-section-height-default elementor-section-height-default\" data-id=\"84911a9\" data-element_type=\"section\" data-e-type=\"section\">\n\t\t\t\t\t\t<div class=\"elementor-container elementor-column-gap-default\">\n\t\t\t\t\t<div class=\"elementor-column elementor-col-33 elementor-top-column elementor-element elementor-element-1316a94\" data-id=\"1316a94\" data-element_type=\"column\" data-e-type=\"column\">\n\t\t\t<div class=\"elementor-widget-wrap elementor-element-populated\">\n\t\t\t\t\t\t<div class=\"elementor-element elementor-element-4be58a7 elementor-widget elementor-widget-image\" data-id=\"4be58a7\" data-element_type=\"widget\" data-e-type=\"widget\" data-widget_type=\"image.default\">\n\t\t\t\t<div class=\"elementor-widget-container\">\n\t\t\t\t\t\t\t\t\t\t\t\t\t\t\t<img fetchpriority=\"high\" decoding=\"async\" width=\"450\" height=\"550\" src=\"https:\/\/www.juricon.li\/wp-content\/uploads\/2019\/11\/teaser-home-neu.jpg\" class=\"attachment-large size-large wp-image-480\" alt=\"\" \/>\t\t\t\t\t\t\t\t\t\t\t\t\t\t\t<\/div>\n\t\t\t\t<\/div>\n\t\t\t\t\t<\/div>\n\t\t<\/div>\n\t\t\t\t<div class=\"elementor-column elementor-col-66 elementor-top-column elementor-element elementor-element-dd12e05\" data-id=\"dd12e05\" data-element_type=\"column\" data-e-type=\"column\">\n\t\t\t<div class=\"elementor-widget-wrap elementor-element-populated\">\n\t\t\t\t\t\t<div class=\"elementor-element elementor-element-c6be7d3 elementor-widget elementor-widget-heading\" data-id=\"c6be7d3\" data-element_type=\"widget\" data-e-type=\"widget\" data-widget_type=\"heading.default\">\n\t\t\t\t<div class=\"elementor-widget-container\">\n\t\t\t\t\t<h1 class=\"elementor-heading-title elementor-size-default\">Struktur und Schutz f\u00fcr private wie gesch\u00e4ftliche Finanzen.<\/h1>\t\t\t\t<\/div>\n\t\t\t\t<\/div>\n\t\t\t\t<div class=\"elementor-element elementor-element-adecb5d elementor-widget elementor-widget-text-editor\" data-id=\"adecb5d\" data-element_type=\"widget\" data-e-type=\"widget\" data-widget_type=\"text-editor.default\">\n\t\t\t\t<div class=\"elementor-widget-container\">\n\t\t\t\t\t\t\t\t\t<p>Als voll konzessioniertes Treuhandunternehmen erbringen wir Dienstleistungen mit echtem Mehrwert f\u00fcr unsere Kunden.<\/p>\t\t\t\t\t\t\t\t<\/div>\n\t\t\t\t<\/div>\n\t\t\t\t<div class=\"elementor-element elementor-element-d903ab6 elementor-widget elementor-widget-text-editor\" data-id=\"d903ab6\" data-element_type=\"widget\" data-e-type=\"widget\" data-widget_type=\"text-editor.default\">\n\t\t\t\t<div class=\"elementor-widget-container\">\n\t\t\t\t\t\t\t\t\t<p>Das Team der Juricon setzt sich aus hochqualifizierten Mitarbeitern mit internationaler Erfahrung zusammen, darunter Juristen sowie Wirtschaftsfachleuten. Bei Bedarf k\u00f6nnen wir auf unsere ausgezeichneten Kontakte zu ausgew\u00e4hlten internationalen Kooperationspartnern zur\u00fcckgreifen.<\/p><p>Unser oberstes Anliegen ist es, gemeinsam mit unseren Kunden massgeschneiderte L\u00f6sungen f\u00fcr die jeweiligen Bed\u00fcrfnisse und Verh\u00e4ltnisse zu erarbeiten. Dabei legen wir gr\u00f6ssten Wert auf eingehende Gespr\u00e4che und pers\u00f6nliche Beratung.<\/p>\t\t\t\t\t\t\t\t<\/div>\n\t\t\t\t<\/div>\n\t\t\t\t<div class=\"elementor-element elementor-element-820e951 elementor-widget elementor-widget-button\" data-id=\"820e951\" data-element_type=\"widget\" data-e-type=\"widget\" data-widget_type=\"button.default\">\n\t\t\t\t<div class=\"elementor-widget-container\">\n\t\t\t\t\t\t\t\t\t<div class=\"elementor-button-wrapper\">\n\t\t\t\t\t<a class=\"elementor-button elementor-button-link elementor-size-sm\" href=\"https:\/\/www.juricon.li\/de\/kontakt\/\">\n\t\t\t\t\t\t<span class=\"elementor-button-content-wrapper\">\n\t\t\t\t\t\t\t\t\t<span class=\"elementor-button-text\">Lassen Sie sich unverbindlich beraten!<\/span>\n\t\t\t\t\t<\/span>\n\t\t\t\t\t<\/a>\n\t\t\t\t<\/div>\n\t\t\t\t\t\t\t\t<\/div>\n\t\t\t\t<\/div>\n\t\t\t\t\t<\/div>\n\t\t<\/div>\n\t\t\t\t\t<\/div>\n\t\t<\/section>\n\t\t\t\t<section class=\"elementor-section elementor-top-section elementor-element elementor-element-3314c59 elementor-section-boxed elementor-section-height-default elementor-section-height-default\" data-id=\"3314c59\" data-element_type=\"section\" data-e-type=\"section\">\n\t\t\t\t\t\t<div class=\"elementor-container elementor-column-gap-default\">\n\t\t\t\t\t<div class=\"elementor-column elementor-col-100 elementor-top-column elementor-element elementor-element-fd9bfe6\" data-id=\"fd9bfe6\" data-element_type=\"column\" data-e-type=\"column\">\n\t\t\t<div class=\"elementor-widget-wrap elementor-element-populated\">\n\t\t\t\t\t\t<div class=\"elementor-element elementor-element-947b84b elementor-widget-divider--view-line elementor-widget elementor-widget-divider\" data-id=\"947b84b\" data-element_type=\"widget\" data-e-type=\"widget\" data-widget_type=\"divider.default\">\n\t\t\t\t<div class=\"elementor-widget-container\">\n\t\t\t\t\t\t\t<div class=\"elementor-divider\">\n\t\t\t<span class=\"elementor-divider-separator\">\n\t\t\t\t\t\t<\/span>\n\t\t<\/div>\n\t\t\t\t\t\t<\/div>\n\t\t\t\t<\/div>\n\t\t\t\t\t<\/div>\n\t\t<\/div>\n\t\t\t\t\t<\/div>\n\t\t<\/section>\n\t\t\t\t<section class=\"elementor-section elementor-top-section elementor-element elementor-element-d80128e elementor-section-boxed elementor-section-height-default elementor-section-height-default\" data-id=\"d80128e\" data-element_type=\"section\" data-e-type=\"section\">\n\t\t\t\t\t\t<div class=\"elementor-container elementor-column-gap-default\">\n\t\t\t\t\t<div class=\"elementor-column elementor-col-100 elementor-top-column elementor-element elementor-element-dff02de\" data-id=\"dff02de\" data-element_type=\"column\" data-e-type=\"column\">\n\t\t\t<div class=\"elementor-widget-wrap elementor-element-populated\">\n\t\t\t\t\t\t<div class=\"elementor-element elementor-element-e96e73d elementor-widget elementor-widget-heading\" data-id=\"e96e73d\" data-element_type=\"widget\" data-e-type=\"widget\" data-widget_type=\"heading.default\">\n\t\t\t\t<div class=\"elementor-widget-container\">\n\t\t\t\t\t<h2 class=\"elementor-heading-title elementor-size-default\">Unsere Dienstleistungen - Optimal an Ihre Bed\u00fcrfnisse angepasst:<\/h2>\t\t\t\t<\/div>\n\t\t\t\t<\/div>\n\t\t\t\t<section class=\"elementor-section elementor-inner-section elementor-element elementor-element-babeef1 elementor-section-boxed elementor-section-height-default elementor-section-height-default\" data-id=\"babeef1\" data-element_type=\"section\" data-e-type=\"section\">\n\t\t\t\t\t\t<div class=\"elementor-container elementor-column-gap-default\">\n\t\t\t\t\t<div class=\"elementor-column elementor-col-50 elementor-inner-column elementor-element elementor-element-768ff24\" data-id=\"768ff24\" data-element_type=\"column\" data-e-type=\"column\">\n\t\t\t<div class=\"elementor-widget-wrap elementor-element-populated\">\n\t\t\t\t\t\t<div class=\"elementor-element elementor-element-3274d5e elementor-widget elementor-widget-image\" data-id=\"3274d5e\" data-element_type=\"widget\" data-e-type=\"widget\" data-widget_type=\"image.default\">\n\t\t\t\t<div class=\"elementor-widget-container\">\n\t\t\t\t\t\t\t\t\t\t\t\t\t\t\t\t<a href=\"https:\/\/www.juricon.li\/de\/unsere-dienstleistungen\/asset-protection\/\">\n\t\t\t\t\t\t\t<img decoding=\"async\" width=\"768\" height=\"349\" src=\"https:\/\/www.juricon.li\/wp-content\/uploads\/2019\/09\/title-asset-protection-768x349.jpg\" class=\"attachment-medium_large size-medium_large wp-image-262\" alt=\"\" srcset=\"https:\/\/www.juricon.li\/wp-content\/uploads\/2019\/09\/title-asset-protection-768x349.jpg 768w, https:\/\/www.juricon.li\/wp-content\/uploads\/2019\/09\/title-asset-protection-1024x465.jpg 1024w, https:\/\/www.juricon.li\/wp-content\/uploads\/2019\/09\/title-asset-protection.jpg 1100w\" sizes=\"(max-width: 768px) 100vw, 768px\" \/>\t\t\t\t\t\t\t\t<\/a>\n\t\t\t\t\t\t\t\t\t\t\t\t\t\t\t<\/div>\n\t\t\t\t<\/div>\n\t\t\t\t<div class=\"elementor-element elementor-element-34fef96 elementor-widget elementor-widget-heading\" data-id=\"34fef96\" data-element_type=\"widget\" data-e-type=\"widget\" data-widget_type=\"heading.default\">\n\t\t\t\t<div class=\"elementor-widget-container\">\n\t\t\t\t\t<h3 class=\"elementor-heading-title elementor-size-default\"><a href=\"https:\/\/www.juricon.li\/de\/unsere-dienstleistungen\/asset-protection\/\">Asset Protection<\/a><\/h3>\t\t\t\t<\/div>\n\t\t\t\t<\/div>\n\t\t\t\t<div class=\"elementor-element elementor-element-51e86aa elementor-widget elementor-widget-text-editor\" data-id=\"51e86aa\" data-element_type=\"widget\" data-e-type=\"widget\" data-widget_type=\"text-editor.default\">\n\t\t\t\t<div class=\"elementor-widget-container\">\n\t\t\t\t\t\t\t\t\t<p>\u201eAsset Protection\u201c bedeutet pr\u00e4ventiver Schutz des privaten Verm\u00f6gens vor Anspr\u00fcchen und ungewolltem Zugriff Dritter im weitesten Sinne.<\/p><p><a href=\"https:\/\/www.juricon.li\/de\/unsere-dienstleistungen\/asset-protection\/\" data-wplink-edit=\"true\">Mehr dazu<\/a><\/p>\t\t\t\t\t\t\t\t<\/div>\n\t\t\t\t<\/div>\n\t\t\t\t\t<\/div>\n\t\t<\/div>\n\t\t\t\t<div class=\"elementor-column elementor-col-50 elementor-inner-column elementor-element elementor-element-fdfdf23\" data-id=\"fdfdf23\" data-element_type=\"column\" data-e-type=\"column\">\n\t\t\t<div class=\"elementor-widget-wrap elementor-element-populated\">\n\t\t\t\t\t\t<div class=\"elementor-element elementor-element-7387111 elementor-widget elementor-widget-image\" data-id=\"7387111\" data-element_type=\"widget\" data-e-type=\"widget\" data-widget_type=\"image.default\">\n\t\t\t\t<div class=\"elementor-widget-container\">\n\t\t\t\t\t\t\t\t\t\t\t\t\t\t\t\t<a href=\"https:\/\/www.juricon.li\/de\/unsere-dienstleistungen\/nachfolgeregelungen\/\">\n\t\t\t\t\t\t\t<img decoding=\"async\" width=\"530\" height=\"236\" src=\"https:\/\/www.juricon.li\/wp-content\/uploads\/2019\/07\/home_nachfolgeregelung.jpg\" class=\"attachment-medium_large size-medium_large wp-image-174\" alt=\"\" srcset=\"https:\/\/www.juricon.li\/wp-content\/uploads\/2019\/07\/home_nachfolgeregelung.jpg 530w, https:\/\/www.juricon.li\/wp-content\/uploads\/2019\/07\/home_nachfolgeregelung-300x134.jpg 300w\" sizes=\"(max-width: 530px) 100vw, 530px\" \/>\t\t\t\t\t\t\t\t<\/a>\n\t\t\t\t\t\t\t\t\t\t\t\t\t\t\t<\/div>\n\t\t\t\t<\/div>\n\t\t\t\t<div class=\"elementor-element elementor-element-bf66d46 elementor-widget elementor-widget-heading\" data-id=\"bf66d46\" data-element_type=\"widget\" data-e-type=\"widget\" data-widget_type=\"heading.default\">\n\t\t\t\t<div class=\"elementor-widget-container\">\n\t\t\t\t\t<h3 class=\"elementor-heading-title elementor-size-default\"><a href=\"https:\/\/www.juricon.li\/de\/unsere-dienstleistungen\/nachfolgeregelungen\/\">Nachfolgeregelungen<\/a><\/h3>\t\t\t\t<\/div>\n\t\t\t\t<\/div>\n\t\t\t\t<div class=\"elementor-element elementor-element-114b07b elementor-widget elementor-widget-text-editor\" data-id=\"114b07b\" data-element_type=\"widget\" data-e-type=\"widget\" data-widget_type=\"text-editor.default\">\n\t\t\t\t<div class=\"elementor-widget-container\">\n\t\t\t\t\t\t\t\t\t<p>Ein verantwortungsvoller Umgang mit Verm\u00f6genswerten erfordert auch eine rechtzeitige und nachhaltige Nachfolgeregelung, um Verm\u00f6gen f\u00fcr folgende Generationen zu erhalten.<\/p><p><a href=\"https:\/\/www.juricon.li\/de\/unsere-dienstleistungen\/nachfolgeregelungen\/\">Mehr dazu<\/a><\/p>\t\t\t\t\t\t\t\t<\/div>\n\t\t\t\t<\/div>\n\t\t\t\t\t<\/div>\n\t\t<\/div>\n\t\t\t\t\t<\/div>\n\t\t<\/section>\n\t\t\t\t<section class=\"elementor-section elementor-inner-section elementor-element elementor-element-e6346dc elementor-section-boxed elementor-section-height-default elementor-section-height-default\" data-id=\"e6346dc\" data-element_type=\"section\" data-e-type=\"section\">\n\t\t\t\t\t\t<div class=\"elementor-container elementor-column-gap-default\">\n\t\t\t\t\t<div class=\"elementor-column elementor-col-50 elementor-inner-column elementor-element elementor-element-96eb5ee\" data-id=\"96eb5ee\" data-element_type=\"column\" data-e-type=\"column\">\n\t\t\t<div class=\"elementor-widget-wrap elementor-element-populated\">\n\t\t\t\t\t\t<div class=\"elementor-element elementor-element-963b47c elementor-widget elementor-widget-image\" data-id=\"963b47c\" data-element_type=\"widget\" data-e-type=\"widget\" data-widget_type=\"image.default\">\n\t\t\t\t<div class=\"elementor-widget-container\">\n\t\t\t\t\t\t\t\t\t\t\t\t\t\t\t\t<a href=\"https:\/\/www.juricon.li\/de\/unsere-dienstleistungen\/family-office\/\">\n\t\t\t\t\t\t\t<img loading=\"lazy\" decoding=\"async\" width=\"530\" height=\"236\" src=\"https:\/\/www.juricon.li\/wp-content\/uploads\/2019\/07\/home_family_office.jpg\" class=\"attachment-medium_large size-medium_large wp-image-168\" alt=\"\" srcset=\"https:\/\/www.juricon.li\/wp-content\/uploads\/2019\/07\/home_family_office.jpg 530w, https:\/\/www.juricon.li\/wp-content\/uploads\/2019\/07\/home_family_office-300x134.jpg 300w\" sizes=\"(max-width: 530px) 100vw, 530px\" \/>\t\t\t\t\t\t\t\t<\/a>\n\t\t\t\t\t\t\t\t\t\t\t\t\t\t\t<\/div>\n\t\t\t\t<\/div>\n\t\t\t\t<div class=\"elementor-element elementor-element-1129fc2 elementor-widget elementor-widget-heading\" data-id=\"1129fc2\" data-element_type=\"widget\" data-e-type=\"widget\" data-widget_type=\"heading.default\">\n\t\t\t\t<div class=\"elementor-widget-container\">\n\t\t\t\t\t<h3 class=\"elementor-heading-title elementor-size-default\"><a href=\"https:\/\/www.juricon.li\/de\/unsere-dienstleistungen\/family-office\/\">Family Office<\/a><\/h3>\t\t\t\t<\/div>\n\t\t\t\t<\/div>\n\t\t\t\t<div class=\"elementor-element elementor-element-e60836c elementor-widget elementor-widget-text-editor\" data-id=\"e60836c\" data-element_type=\"widget\" data-e-type=\"widget\" data-widget_type=\"text-editor.default\">\n\t\t\t\t<div class=\"elementor-widget-container\">\n\t\t\t\t\t\t\t\t\t<p>Internationales Engagement im gesch\u00e4ftlichen Bereich und ein globales privates Leben erfordern ein hohes Mass an Organisation und Administration.<\/p><p><a href=\"https:\/\/www.juricon.li\/de\/unsere-dienstleistungen\/family-office\/\">Mehr dazu<\/a><\/p>\t\t\t\t\t\t\t\t<\/div>\n\t\t\t\t<\/div>\n\t\t\t\t\t<\/div>\n\t\t<\/div>\n\t\t\t\t<div class=\"elementor-column elementor-col-50 elementor-inner-column elementor-element elementor-element-d94a0e5\" data-id=\"d94a0e5\" data-element_type=\"column\" data-e-type=\"column\">\n\t\t\t<div class=\"elementor-widget-wrap elementor-element-populated\">\n\t\t\t\t\t\t<div class=\"elementor-element elementor-element-b09b951 elementor-widget elementor-widget-image\" data-id=\"b09b951\" data-element_type=\"widget\" data-e-type=\"widget\" data-widget_type=\"image.default\">\n\t\t\t\t<div class=\"elementor-widget-container\">\n\t\t\t\t\t\t\t\t\t\t\t\t\t\t\t\t<a href=\"https:\/\/www.juricon.li\/de\/unsere-dienstleistungen\/gesellschaften\/\">\n\t\t\t\t\t\t\t<img loading=\"lazy\" decoding=\"async\" width=\"530\" height=\"236\" src=\"https:\/\/www.juricon.li\/wp-content\/uploads\/2019\/07\/home_gesellschaften.jpg\" class=\"attachment-medium_large size-medium_large wp-image-171\" alt=\"\" srcset=\"https:\/\/www.juricon.li\/wp-content\/uploads\/2019\/07\/home_gesellschaften.jpg 530w, https:\/\/www.juricon.li\/wp-content\/uploads\/2019\/07\/home_gesellschaften-300x134.jpg 300w\" sizes=\"(max-width: 530px) 100vw, 530px\" \/>\t\t\t\t\t\t\t\t<\/a>\n\t\t\t\t\t\t\t\t\t\t\t\t\t\t\t<\/div>\n\t\t\t\t<\/div>\n\t\t\t\t<div class=\"elementor-element elementor-element-886a31c elementor-widget elementor-widget-heading\" data-id=\"886a31c\" data-element_type=\"widget\" data-e-type=\"widget\" data-widget_type=\"heading.default\">\n\t\t\t\t<div class=\"elementor-widget-container\">\n\t\t\t\t\t<h3 class=\"elementor-heading-title elementor-size-default\"><a href=\"https:\/\/www.juricon.li\/de\/unsere-dienstleistungen\/gesellschaften\/\">Gesellschaften<\/a><\/h3>\t\t\t\t<\/div>\n\t\t\t\t<\/div>\n\t\t\t\t<div class=\"elementor-element elementor-element-8eec336 elementor-widget elementor-widget-text-editor\" data-id=\"8eec336\" data-element_type=\"widget\" data-e-type=\"widget\" data-widget_type=\"text-editor.default\">\n\t\t\t\t<div class=\"elementor-widget-container\">\n\t\t\t\t\t\t\t\t\t<p>Das PGR bel\u00e4sst durch die im Vergleich mit anderen Staaten geringe Anzahl zwingender Rechtsvorschriften einen grossen Freiraum f\u00fcr individuelle L\u00f6sungen.<\/p><p><a href=\"https:\/\/www.juricon.li\/de\/unsere-dienstleistungen\/gesellschaften\/\">Mehr dazu<\/a><\/p>\t\t\t\t\t\t\t\t<\/div>\n\t\t\t\t<\/div>\n\t\t\t\t\t<\/div>\n\t\t<\/div>\n\t\t\t\t\t<\/div>\n\t\t<\/section>\n\t\t\t\t\t<\/div>\n\t\t<\/div>\n\t\t\t\t\t<\/div>\n\t\t<\/section>\n\t\t\t\t<\/div>\n\t\t","protected":false},"excerpt":{"rendered":"<p>Struktur und Schutz f\u00fcr private wie gesch\u00e4ftliche Finanzen. Als voll konzessioniertes Treuhandunternehmen erbringen wir Dienstleistungen mit echtem Mehrwert f\u00fcr unsere Kunden. Das Team der Juricon setzt sich aus hochqualifizierten Mitarbeitern mit internationaler Erfahrung zusammen, darunter Juristen sowie Wirtschaftsfachleuten. Bei Bedarf k\u00f6nnen wir auf unsere ausgezeichneten Kontakte zu ausgew\u00e4hlten internationalen Kooperationspartnern zur\u00fcckgreifen. Unser oberstes Anliegen ist [&hellip;]<\/p>\n","protected":false},"author":1,"featured_media":0,"parent":0,"menu_order":0,"comment_status":"closed","ping_status":"closed","template":"","meta":{"_seopress_robots_primary_cat":"","_seopress_titles_title":"JURICON Treuhand Anstalt, Vaduz, F\u00fcrstentum Liechtenstein","_seopress_titles_desc":"Asset Protection, Nachfolgeregelungen, Family Office, Gr\u00fcndung und Verwaltung von Gesellschaften und Stiftungen im In- und Ausland.","_seopress_robots_index":"","site-sidebar-layout":"no-sidebar","site-content-layout":"page-builder","ast-site-content-layout":"default","site-content-style":"default","site-sidebar-style":"default","ast-global-header-display":"","ast-banner-title-visibility":"","ast-main-header-display":"","ast-hfb-above-header-display":"","ast-hfb-below-header-display":"","ast-hfb-mobile-header-display":"","site-post-title":"disabled","ast-breadcrumbs-content":"","ast-featured-img":"disabled","footer-sml-layout":"","ast-disable-related-posts":"","theme-transparent-header-meta":"default","adv-header-id-meta":"","stick-header-meta":"default","header-above-stick-meta":"","header-main-stick-meta":"","header-below-stick-meta":"","astra-migrate-meta-layouts":"default","ast-page-background-enabled":"default","ast-page-background-meta":{"desktop":{"background-color":"","background-image":"","background-repeat":"repeat","background-position":"center center","background-size":"auto","background-attachment":"scroll","background-type":"","background-media":"","overlay-type":"","overlay-color":"","overlay-opacity":"","overlay-gradient":""},"tablet":{"background-color":"","background-image":"","background-repeat":"repeat","background-position":"center center","background-size":"auto","background-attachment":"scroll","background-type":"","background-media":"","overlay-type":"","overlay-color":"","overlay-opacity":"","overlay-gradient":""},"mobile":{"background-color":"","background-image":"","background-repeat":"repeat","background-position":"center center","background-size":"auto","background-attachment":"scroll","background-type":"","background-media":"","overlay-type":"","overlay-color":"","overlay-opacity":"","overlay-gradient":""}},"ast-content-background-meta":{"desktop":{"background-color":"var(--ast-global-color-5)","background-image":"","background-repeat":"repeat","background-position":"center center","background-size":"auto","background-attachment":"scroll","background-type":"","background-media":"","overlay-type":"","overlay-color":"","overlay-opacity":"","overlay-gradient":""},"tablet":{"background-color":"var(--ast-global-color-5)","background-image":"","background-repeat":"repeat","background-position":"center center","background-size":"auto","background-attachment":"scroll","background-type":"","background-media":"","overlay-type":"","overlay-color":"","overlay-opacity":"","overlay-gradient":""},"mobile":{"background-color":"var(--ast-global-color-5)","background-image":"","background-repeat":"repeat","background-position":"center center","background-size":"auto","background-attachment":"scroll","background-type":"","background-media":"","overlay-type":"","overlay-color":"","overlay-opacity":"","overlay-gradient":""}},"footnotes":""},"class_list":["post-53","page","type-page","status-publish","hentry"],"_links":{"self":[{"href":"https:\/\/www.juricon.li\/de\/wp-json\/wp\/v2\/pages\/53","targetHints":{"allow":["GET"]}}],"collection":[{"href":"https:\/\/www.juricon.li\/de\/wp-json\/wp\/v2\/pages"}],"about":[{"href":"https:\/\/www.juricon.li\/de\/wp-json\/wp\/v2\/types\/page"}],"author":[{"embeddable":true,"href":"https:\/\/www.juricon.li\/de\/wp-json\/wp\/v2\/users\/1"}],"replies":[{"embeddable":true,"href":"https:\/\/www.juricon.li\/de\/wp-json\/wp\/v2\/comments?post=53"}],"version-history":[{"count":30,"href":"https:\/\/www.juricon.li\/de\/wp-json\/wp\/v2\/pages\/53\/revisions"}],"predecessor-version":[{"id":517,"href":"https:\/\/www.juricon.li\/de\/wp-json\/wp\/v2\/pages\/53\/revisions\/517"}],"wp:attachment":[{"href":"https:\/\/www.juricon.li\/de\/wp-json\/wp\/v2\/media?parent=53"}],"curies":[{"name":"wp","href":"https:\/\/api.w.org\/{rel}","templated":true}]}}