{"id":54,"date":"2019-07-29T10:12:55","date_gmt":"2019-07-29T08:12:55","guid":{"rendered":"https:\/\/www.juricon.li\/das-fuerstentum-liechtenstein\/"},"modified":"2019-07-30T13:12:46","modified_gmt":"2019-07-30T11:12:46","slug":"das-fuerstentum-liechtenstein","status":"publish","type":"page","link":"https:\/\/www.juricon.li\/de\/das-fuerstentum-liechtenstein\/","title":{"rendered":"Das F\u00fcrstentum Liechtenstein"},"content":{"rendered":"\n<div class=\"wp-block-columns has-2-columns is-layout-flex wp-container-core-columns-is-layout-28f84493 wp-block-columns-is-layout-flex\">\n<div class=\"wp-block-column is-layout-flow wp-block-column-is-layout-flow\">\n<p><strong>Das F\u00fcrstentum Liechtenstein liegt im Zentrum Europas, eingebettet zwischen der Schweiz und \u00d6sterreich, am Ufer des Rheins.<\/strong><\/p>\n\n\n\n<p>Die Staatsform ist eine konstitutionelle Erbmonarchie auf demokratisch-parlamentarischer Grundlage. Staatsoberhaupt ist der regierende F\u00fcrst von und zu Liechtenstein, Hans-Adam II. Seit 15. August 2004 f\u00fchrt dessen Sohn, Erbprinz Alois, die Regierungsgesch\u00e4fte.<\/p>\n\n\n\n<p>In 11 Gemeinden z\u00e4hlt man auf 160 km2 rund 35.000 Einwohner, davon sind ca. 34 % Ausl\u00e4nder. Die Amtssprache ist Deutsch.<\/p>\n\n\n\n<p><\/p>\n<\/div>\n\n\n\n<div class=\"wp-block-column is-layout-flow wp-block-column-is-layout-flow\">\n<p>Seit 1924 befindet sich das F\u00fcrstentum Liechtenstein in einer Zoll- und W\u00e4hrungsunion mit der Schweiz. Die amtliche W\u00e4hrung ist der Schweizer Franken (CHF). Weiters ist das F\u00fcrstentum Liechtenstein seit 1978 Mitglied des Europarates, seit 1990 Mitglied der UNO und seit 1995 Mitglied des Europ\u00e4ischen Wirtschaftsraums (EWR).<\/p>\n\n\n\n<p>Die wichtigsten Wirtschaftssektoren sind die Industrie und der Dienstleistungssektor, die mit mehr als 94% zum Bruttoinlandsprodukt beitragen, allein 30% davon entfallen auf den Finanzdienstleistungssektor.<\/p>\n<\/div>\n<\/div>\n\n\n\n<p><strong>Der Finanzplatz Liechtenstein bietet seinen Kunden insbesondere nachfolgende Vorteile:<\/strong><\/p>\n\n\n\n<ul class=\"wp-block-list\"><li>liberal gestaltetes Gesellschaftsrecht,<\/li><li>modernes Steuerrecht,<\/li><li>sicheres wirtschaftliches und politisches Umfeld im Zentrum Europas,<\/li><li>hoher Ausbildungsstandard,<\/li><li>freier Kapitalverkehr und stabile W\u00e4hrung,<\/li><li>leistungsf\u00e4higes Bankensystem,<\/li><li>optimale Infrastruktur,<\/li><li>hohe Diskretion bei Einhaltung internationaler rechtlicher Standards im Bereich der Verhinderung von Geldw\u00e4scherei und organisierter Kriminalit\u00e4t.<\/li><\/ul>\n","protected":false},"excerpt":{"rendered":"<p>Das F\u00fcrstentum Liechtenstein liegt im Zentrum Europas, eingebettet zwischen der Schweiz und \u00d6sterreich, am Ufer des Rheins. Die Staatsform ist eine konstitutionelle Erbmonarchie auf demokratisch-parlamentarischer Grundlage. Staatsoberhaupt ist der regierende F\u00fcrst von und zu Liechtenstein, Hans-Adam II. Seit 15. August 2004 f\u00fchrt dessen Sohn, Erbprinz Alois, die Regierungsgesch\u00e4fte. In 11 Gemeinden z\u00e4hlt man auf 160 [&hellip;]<\/p>\n","protected":false},"author":1,"featured_media":192,"parent":0,"menu_order":1,"comment_status":"closed","ping_status":"closed","template":"","meta":{"_seopress_robots_primary_cat":"","_seopress_titles_title":"F\u00fcrstentum Liechtenstein - Juricon Treuhand Anstalt","_seopress_titles_desc":"Der Finanzplatz Liechtenstein bietet seinen Kunden viele Vorteile.","_seopress_robots_index":"","_seopress_analysis_target_kw":"","site-sidebar-layout":"default","site-content-layout":"content-boxed-container","ast-site-content-layout":"default","site-content-style":"default","site-sidebar-style":"default","ast-global-header-display":"","ast-banner-title-visibility":"","ast-main-header-display":"","ast-hfb-above-header-display":"","ast-hfb-below-header-display":"","ast-hfb-mobile-header-display":"","site-post-title":"disabled","ast-breadcrumbs-content":"","ast-featured-img":"","footer-sml-layout":"","ast-disable-related-posts":"","theme-transparent-header-meta":"default","adv-header-id-meta":"","stick-header-meta":"default","header-above-stick-meta":"","header-main-stick-meta":"","header-below-stick-meta":"","astra-migrate-meta-layouts":"default","ast-page-background-enabled":"default","ast-page-background-meta":{"desktop":{"background-color":"","background-image":"","background-repeat":"repeat","background-position":"center center","background-size":"auto","background-attachment":"scroll","background-type":"","background-media":"","overlay-type":"","overlay-color":"","overlay-opacity":"","overlay-gradient":""},"tablet":{"background-color":"","background-image":"","background-repeat":"repeat","background-position":"center center","background-size":"auto","background-attachment":"scroll","background-type":"","background-media":"","overlay-type":"","overlay-color":"","overlay-opacity":"","overlay-gradient":""},"mobile":{"background-color":"","background-image":"","background-repeat":"repeat","background-position":"center center","background-size":"auto","background-attachment":"scroll","background-type":"","background-media":"","overlay-type":"","overlay-color":"","overlay-opacity":"","overlay-gradient":""}},"ast-content-background-meta":{"desktop":{"background-color":"var(--ast-global-color-5)","background-image":"","background-repeat":"repeat","background-position":"center center","background-size":"auto","background-attachment":"scroll","background-type":"","background-media":"","overlay-type":"","overlay-color":"","overlay-opacity":"","overlay-gradient":""},"tablet":{"background-color":"var(--ast-global-color-5)","background-image":"","background-repeat":"repeat","background-position":"center center","background-size":"auto","background-attachment":"scroll","background-type":"","background-media":"","overlay-type":"","overlay-color":"","overlay-opacity":"","overlay-gradient":""},"mobile":{"background-color":"var(--ast-global-color-5)","background-image":"","background-repeat":"repeat","background-position":"center center","background-size":"auto","background-attachment":"scroll","background-type":"","background-media":"","overlay-type":"","overlay-color":"","overlay-opacity":"","overlay-gradient":""}},"footnotes":""},"class_list":["post-54","page","type-page","status-publish","has-post-thumbnail","hentry"],"_links":{"self":[{"href":"https:\/\/www.juricon.li\/de\/wp-json\/wp\/v2\/pages\/54","targetHints":{"allow":["GET"]}}],"collection":[{"href":"https:\/\/www.juricon.li\/de\/wp-json\/wp\/v2\/pages"}],"about":[{"href":"https:\/\/www.juricon.li\/de\/wp-json\/wp\/v2\/types\/page"}],"author":[{"embeddable":true,"href":"https:\/\/www.juricon.li\/de\/wp-json\/wp\/v2\/users\/1"}],"replies":[{"embeddable":true,"href":"https:\/\/www.juricon.li\/de\/wp-json\/wp\/v2\/comments?post=54"}],"version-history":[{"count":4,"href":"https:\/\/www.juricon.li\/de\/wp-json\/wp\/v2\/pages\/54\/revisions"}],"predecessor-version":[{"id":206,"href":"https:\/\/www.juricon.li\/de\/wp-json\/wp\/v2\/pages\/54\/revisions\/206"}],"wp:featuredmedia":[{"embeddable":true,"href":"https:\/\/www.juricon.li\/de\/wp-json\/wp\/v2\/media\/192"}],"wp:attachment":[{"href":"https:\/\/www.juricon.li\/de\/wp-json\/wp\/v2\/media?parent=54"}],"curies":[{"name":"wp","href":"https:\/\/api.w.org\/{rel}","templated":true}]}}