{"id":55,"date":"2019-07-29T10:12:55","date_gmt":"2019-07-29T08:12:55","guid":{"rendered":"https:\/\/www.juricon.li\/unsere-dienstleistungen\/"},"modified":"2020-01-08T15:04:00","modified_gmt":"2020-01-08T14:04:00","slug":"unsere-dienstleistungen","status":"publish","type":"page","link":"https:\/\/www.juricon.li\/de\/unsere-dienstleistungen\/","title":{"rendered":"Unsere Dienstleistungen"},"content":{"rendered":"\n<div class=\"wp-block-columns has-2-columns is-layout-flex wp-container-core-columns-is-layout-28f84493 wp-block-columns-is-layout-flex\">\n<div class=\"wp-block-column is-layout-flow wp-block-column-is-layout-flow\">\n<p><strong>Juricon Treuhand Anstalt wurde im Jahr 1976 gegr\u00fcndet, wobei die Urspr\u00fcnge des Unternehmens auf das Jahr 1955 zur\u00fcckgehen.<\/strong><\/p>\n\n\n\n<p>Als voll konzessioniertes Treuhandunternehmen erbringen wir nachfolgende Dienstleistungen f\u00fcr unsere internationalen Kunden:<\/p>\n<\/div>\n\n\n\n<div class=\"wp-block-column is-layout-flow wp-block-column-is-layout-flow\">\n<ul class=\"wp-block-list\"><li><a href=\"https:\/\/www.juricon.li\/de\/unsere-dienstleistungen\/asset-protection\/\">Asset Protection<\/a><\/li><li><a href=\"https:\/\/www.juricon.li\/de\/unsere-dienstleistungen\/nachfolgeregelungen\/\">Nachfolgeregelungen<\/a><\/li><li>Holdingstrukturen<\/li><li><a href=\"https:\/\/www.juricon.li\/de\/unsere-dienstleistungen\/family-office\/\">Family Office<\/a><\/li><li>Errichtung und Verwaltung von inl\u00e4ndischen und ausl\u00e4ndischen <a href=\"https:\/\/www.juricon.li\/de\/nsere-dienstleistungen\/gesellschaften\/\">Gesellschaften<\/a>, <a href=\"https:\/\/www.juricon.li\/de\/unsere-dienstleistungen\/gesellschaften\/stiftung\/\">Stiftungen<\/a> und <a href=\"https:\/\/www.juricon.li\/de\/unsere-dienstleistungen\/gesellschaften\/treuhaenderschaft-trust\/\">Trusts<\/a> zur Umsetzung der zuvor erw\u00e4hnten L\u00f6sungen<\/li><li>Steuerberatung, -planung und -optimierung<\/li><li>Buchhaltung, Bilanzierung und Revisionsstellent\u00e4tigkeit<\/li><li>allgemeine Finanz- und Wirtschaftsberatung.<\/li><\/ul>\n<\/div>\n<\/div>\n\n\n\n<hr class=\"wp-block-separator is-style-wide\"\/>\n\n\n\n<div class=\"wp-block-columns has-2-columns is-layout-flex wp-container-core-columns-is-layout-28f84493 wp-block-columns-is-layout-flex\">\n<div class=\"wp-block-column is-layout-flow wp-block-column-is-layout-flow\">\n<p>Unser oberstes Anliegen ist es, gemeinsam mit unseren Kunden massgeschneiderte L\u00f6sungen f\u00fcr die jeweiligen Bed\u00fcrfnisse und Verh\u00e4ltnisse zu erarbeiten. Dabei legen wir gr\u00f6ssten Wert auf eingehende Gespr\u00e4che und pers\u00f6nliche Beratung.<\/p>\n\n\n\n<p>Das hoch qualifizierte Team der Juricon besteht aus 15 Mitarbeitern, darunter Juristen und Wirtschaftsfachleute mit internationaler Erfahrung. Bei Bedarf k\u00f6nnen wir auf unsere ausgezeichneten Kontakte zu ausgew\u00e4hlten internationalen Kooperationspartnern zur\u00fcckgreifen.<\/p>\n<\/div>\n\n\n\n<div class=\"wp-block-column is-layout-flow wp-block-column-is-layout-flow\">\n<p>Wir arbeiten in einem modernst konzipierten B\u00fcrogeb\u00e4ude, dessen Infrastruktur den heutigen Erfordernissen und Bed\u00fcrfnissen nach Effizienz und Sicherheit optimal gerecht wird.<\/p>\n<\/div>\n<\/div>\n","protected":false},"excerpt":{"rendered":"<p>Juricon Treuhand Anstalt wurde im Jahr 1976 gegr\u00fcndet, wobei die Urspr\u00fcnge des Unternehmens auf das Jahr 1955 zur\u00fcckgehen. Als voll konzessioniertes Treuhandunternehmen erbringen wir nachfolgende Dienstleistungen f\u00fcr unsere internationalen Kunden: Asset Protection Nachfolgeregelungen Holdingstrukturen Family Office Errichtung und Verwaltung von inl\u00e4ndischen und ausl\u00e4ndischen Gesellschaften, Stiftungen und Trusts zur Umsetzung der zuvor erw\u00e4hnten L\u00f6sungen Steuerberatung, -planung [&hellip;]<\/p>\n","protected":false},"author":1,"featured_media":209,"parent":0,"menu_order":2,"comment_status":"closed","ping_status":"closed","template":"","meta":{"_seopress_robots_primary_cat":"","_seopress_titles_title":"Dienstleistungen Juricon Treuhand Anstalt, Vaduz, Liechtenstein","_seopress_titles_desc":"Juricon Treuhand Anstalt ist ein voll konzessioniertes Treuhandunternehmen in Liechtenstein.","_seopress_robots_index":"","site-sidebar-layout":"default","site-content-layout":"default","ast-site-content-layout":"default","site-content-style":"default","site-sidebar-style":"default","ast-global-header-display":"","ast-banner-title-visibility":"","ast-main-header-display":"","ast-hfb-above-header-display":"","ast-hfb-below-header-display":"","ast-hfb-mobile-header-display":"","site-post-title":"","ast-breadcrumbs-content":"","ast-featured-img":"","footer-sml-layout":"","ast-disable-related-posts":"","theme-transparent-header-meta":"default","adv-header-id-meta":"","stick-header-meta":"default","header-above-stick-meta":"","header-main-stick-meta":"","header-below-stick-meta":"","astra-migrate-meta-layouts":"default","ast-page-background-enabled":"default","ast-page-background-meta":{"desktop":{"background-color":"","background-image":"","background-repeat":"repeat","background-position":"center center","background-size":"auto","background-attachment":"scroll","background-type":"","background-media":"","overlay-type":"","overlay-color":"","overlay-opacity":"","overlay-gradient":""},"tablet":{"background-color":"","background-image":"","background-repeat":"repeat","background-position":"center center","background-size":"auto","background-attachment":"scroll","background-type":"","background-media":"","overlay-type":"","overlay-color":"","overlay-opacity":"","overlay-gradient":""},"mobile":{"background-color":"","background-image":"","background-repeat":"repeat","background-position":"center center","background-size":"auto","background-attachment":"scroll","background-type":"","background-media":"","overlay-type":"","overlay-color":"","overlay-opacity":"","overlay-gradient":""}},"ast-content-background-meta":{"desktop":{"background-color":"var(--ast-global-color-5)","background-image":"","background-repeat":"repeat","background-position":"center center","background-size":"auto","background-attachment":"scroll","background-type":"","background-media":"","overlay-type":"","overlay-color":"","overlay-opacity":"","overlay-gradient":""},"tablet":{"background-color":"var(--ast-global-color-5)","background-image":"","background-repeat":"repeat","background-position":"center center","background-size":"auto","background-attachment":"scroll","background-type":"","background-media":"","overlay-type":"","overlay-color":"","overlay-opacity":"","overlay-gradient":""},"mobile":{"background-color":"var(--ast-global-color-5)","background-image":"","background-repeat":"repeat","background-position":"center center","background-size":"auto","background-attachment":"scroll","background-type":"","background-media":"","overlay-type":"","overlay-color":"","overlay-opacity":"","overlay-gradient":""}},"footnotes":""},"class_list":["post-55","page","type-page","status-publish","has-post-thumbnail","hentry"],"_links":{"self":[{"href":"https:\/\/www.juricon.li\/de\/wp-json\/wp\/v2\/pages\/55","targetHints":{"allow":["GET"]}}],"collection":[{"href":"https:\/\/www.juricon.li\/de\/wp-json\/wp\/v2\/pages"}],"about":[{"href":"https:\/\/www.juricon.li\/de\/wp-json\/wp\/v2\/types\/page"}],"author":[{"embeddable":true,"href":"https:\/\/www.juricon.li\/de\/wp-json\/wp\/v2\/users\/1"}],"replies":[{"embeddable":true,"href":"https:\/\/www.juricon.li\/de\/wp-json\/wp\/v2\/comments?post=55"}],"version-history":[{"count":6,"href":"https:\/\/www.juricon.li\/de\/wp-json\/wp\/v2\/pages\/55\/revisions"}],"predecessor-version":[{"id":518,"href":"https:\/\/www.juricon.li\/de\/wp-json\/wp\/v2\/pages\/55\/revisions\/518"}],"wp:featuredmedia":[{"embeddable":true,"href":"https:\/\/www.juricon.li\/de\/wp-json\/wp\/v2\/media\/209"}],"wp:attachment":[{"href":"https:\/\/www.juricon.li\/de\/wp-json\/wp\/v2\/media?parent=55"}],"curies":[{"name":"wp","href":"https:\/\/api.w.org\/{rel}","templated":true}]}}