{"id":56,"date":"2019-07-29T10:12:55","date_gmt":"2019-07-29T08:12:55","guid":{"rendered":"https:\/\/www.juricon.li\/unsere-partner\/"},"modified":"2023-09-20T08:56:07","modified_gmt":"2023-09-20T06:56:07","slug":"unsere-partner","status":"publish","type":"page","link":"https:\/\/www.juricon.li\/de\/unsere-partner\/","title":{"rendered":"Unsere Partner"},"content":{"rendered":"\n<div class=\"wp-block-columns has-2-columns is-layout-flex wp-container-core-columns-is-layout-28f84493 wp-block-columns-is-layout-flex\">\n<div class=\"wp-block-column is-layout-flow wp-block-column-is-layout-flow\">\n<p><strong>Kanzlei M\u00fcller &amp; Partner, Vaduz<br><br><\/strong>Mit der Rechtsanwaltskanzlei M\u00fcller &amp; Partner in Vaduz verbindet uns seit vielen Jahren eine vertrauensvolle und erfolgreiche Partnerschaft, sei es bei der Vertretung in gerichtlichen oder verwaltungsbeh\u00f6rdlichen Verfahren, bei der Abfassung von Rechtsgutachten und Vertr\u00e4gen oder bei der Kl\u00e4rung sonstiger juristischer Fragen.<\/p>\n\n\n\n<p><a href=\"https:\/\/www.advokatur.li\/\" target=\"_blank\" rel=\"noreferrer noopener\" aria-label=\"www.advokatur.li (\u00f6ffnet in neuem Tab)\">www.advokatur.li<\/a><\/p>\n\n\n\n<figure class=\"wp-block-image is-resized\"><a href=\"https:\/\/www.advokatur.li\/\" target=\"_blank\" rel=\"noreferrer noopener\"><img decoding=\"async\" src=\"https:\/\/www.juricon.li\/wp-content\/uploads\/2019\/09\/logo_mueller_partner.svg\" alt=\"\" class=\"wp-image-302\" style=\"width:150px;height:68px\" width=\"150\" height=\"68\"\/><\/a><\/figure>\n<\/div>\n\n\n\n<div class=\"wp-block-column is-layout-flow wp-block-column-is-layout-flow\">\n<p><strong>IAG - Integrated Advisory Group<br><br><\/strong>Unsere Mitgliedschaft bei dieser weltumspannenden Vereinigung von Rechtsanw\u00e4lten, Steuerberatern und Wirtschaftspr\u00fcfern erm\u00f6glicht es uns, jederzeit schnell und flexibel Rat und Unterst\u00fctzung in s\u00e4mtlichen Fragen internationalen Rechts zu erhalten.&nbsp;<\/p>\n\n\n\n<p>Juricon Treuhand Anstalt war im Jahr 1989 eines von 6 Gr\u00fcndungsmitgliedern. Heute umfasst die Vereinigung mehr als 100 Mitglieder in Europa, Nord- und S\u00fcdamerika und Asien.<\/p>\n\n\n\n<p><a href=\"https:\/\/iag.global\/\" target=\"_blank\" rel=\"noreferrer noopener\" aria-label=\"https:\/\/iag.global\/ (\u00f6ffnet in neuem Tab)\">https:\/\/iag.global\/<\/a><\/p>\n\n\n\n<figure class=\"wp-block-image\"><a href=\"https:\/\/iag.global\/\" target=\"_blank\" rel=\"noreferrer noopener\"><img decoding=\"async\" width=\"206\" height=\"55\" src=\"https:\/\/www.juricon.li\/wp-content\/uploads\/2019\/09\/logo.png\" alt=\"\" class=\"wp-image-298\"\/><\/a><\/figure>\n<\/div>\n<\/div>\n","protected":false},"excerpt":{"rendered":"<p>Kanzlei M\u00fcller &amp; Partner, Vaduz Mit der Rechtsanwaltskanzlei M\u00fcller &amp; Partner in Vaduz verbindet uns seit vielen Jahren eine vertrauensvolle und erfolgreiche Partnerschaft, sei es bei der Vertretung in gerichtlichen oder verwaltungsbeh\u00f6rdlichen Verfahren, bei der Abfassung von Rechtsgutachten und Vertr\u00e4gen oder bei der Kl\u00e4rung sonstiger juristischer Fragen. www.advokatur.li IAG &#8211; Integrated Advisory Group Unsere Mitgliedschaft [&hellip;]<\/p>\n","protected":false},"author":1,"featured_media":0,"parent":0,"menu_order":3,"comment_status":"closed","ping_status":"closed","template":"","meta":{"_seopress_robots_primary_cat":"","_seopress_titles_title":"Partner von Juricon Treuhand Anstalt","_seopress_titles_desc":"Kanzlei M\u00fcller &amp; Partner, Schaan und IAG - Integrated Advisory Group sind Partner von Juricon Treuhand Anstalt Liechtenstein.","_seopress_robots_index":"","site-sidebar-layout":"default","site-content-layout":"default","ast-site-content-layout":"default","site-content-style":"default","site-sidebar-style":"default","ast-global-header-display":"","ast-banner-title-visibility":"","ast-main-header-display":"","ast-hfb-above-header-display":"","ast-hfb-below-header-display":"","ast-hfb-mobile-header-display":"","site-post-title":"","ast-breadcrumbs-content":"","ast-featured-img":"","footer-sml-layout":"","ast-disable-related-posts":"","theme-transparent-header-meta":"default","adv-header-id-meta":"","stick-header-meta":"default","header-above-stick-meta":"","header-main-stick-meta":"","header-below-stick-meta":"","astra-migrate-meta-layouts":"set","ast-page-background-enabled":"default","ast-page-background-meta":{"desktop":{"background-color":"","background-image":"","background-repeat":"repeat","background-position":"center center","background-size":"auto","background-attachment":"scroll","background-type":"","background-media":"","overlay-type":"","overlay-color":"","overlay-opacity":"","overlay-gradient":""},"tablet":{"background-color":"","background-image":"","background-repeat":"repeat","background-position":"center center","background-size":"auto","background-attachment":"scroll","background-type":"","background-media":"","overlay-type":"","overlay-color":"","overlay-opacity":"","overlay-gradient":""},"mobile":{"background-color":"","background-image":"","background-repeat":"repeat","background-position":"center center","background-size":"auto","background-attachment":"scroll","background-type":"","background-media":"","overlay-type":"","overlay-color":"","overlay-opacity":"","overlay-gradient":""}},"ast-content-background-meta":{"desktop":{"background-color":"var(--ast-global-color-5)","background-image":"","background-repeat":"repeat","background-position":"center center","background-size":"auto","background-attachment":"scroll","background-type":"","background-media":"","overlay-type":"","overlay-color":"","overlay-opacity":"","overlay-gradient":""},"tablet":{"background-color":"var(--ast-global-color-5)","background-image":"","background-repeat":"repeat","background-position":"center center","background-size":"auto","background-attachment":"scroll","background-type":"","background-media":"","overlay-type":"","overlay-color":"","overlay-opacity":"","overlay-gradient":""},"mobile":{"background-color":"var(--ast-global-color-5)","background-image":"","background-repeat":"repeat","background-position":"center center","background-size":"auto","background-attachment":"scroll","background-type":"","background-media":"","overlay-type":"","overlay-color":"","overlay-opacity":"","overlay-gradient":""}},"footnotes":""},"class_list":["post-56","page","type-page","status-publish","hentry"],"_links":{"self":[{"href":"https:\/\/www.juricon.li\/de\/wp-json\/wp\/v2\/pages\/56","targetHints":{"allow":["GET"]}}],"collection":[{"href":"https:\/\/www.juricon.li\/de\/wp-json\/wp\/v2\/pages"}],"about":[{"href":"https:\/\/www.juricon.li\/de\/wp-json\/wp\/v2\/types\/page"}],"author":[{"embeddable":true,"href":"https:\/\/www.juricon.li\/de\/wp-json\/wp\/v2\/users\/1"}],"replies":[{"embeddable":true,"href":"https:\/\/www.juricon.li\/de\/wp-json\/wp\/v2\/comments?post=56"}],"version-history":[{"count":7,"href":"https:\/\/www.juricon.li\/de\/wp-json\/wp\/v2\/pages\/56\/revisions"}],"predecessor-version":[{"id":671,"href":"https:\/\/www.juricon.li\/de\/wp-json\/wp\/v2\/pages\/56\/revisions\/671"}],"wp:attachment":[{"href":"https:\/\/www.juricon.li\/de\/wp-json\/wp\/v2\/media?parent=56"}],"curies":[{"name":"wp","href":"https:\/\/api.w.org\/{rel}","templated":true}]}}