{"id":57,"date":"2019-07-29T10:12:55","date_gmt":"2019-07-29T08:12:55","guid":{"rendered":"https:\/\/www.juricon.li\/steuern\/"},"modified":"2019-09-04T17:47:25","modified_gmt":"2019-09-04T15:47:25","slug":"steuern","status":"publish","type":"page","link":"https:\/\/www.juricon.li\/de\/steuern\/","title":{"rendered":"Steuern"},"content":{"rendered":"\n<p><strong>Mit dem im Januar 2011 in Kraft getretenen neuen Steuergesetz (Gesetz vom 23. September 2010 \u00fcber die Landes- und Gemeindesteuern) verf\u00fcgt das F\u00fcrstentum \u00fcber ein einfaches, international kompatibles und europarechtskonformes Steuerrecht.<\/strong><\/p>\n\n\n\n<hr class=\"wp-block-separator is-style-wide\"\/>\n\n\n\n<div class=\"wp-block-columns has-2-columns is-layout-flex wp-container-core-columns-is-layout-28f84493 wp-block-columns-is-layout-flex\">\n<div class=\"wp-block-column is-layout-flow wp-block-column-is-layout-flow\">\n<p><strong>Ertragssteuer<\/strong><\/p>\n\n\n\n<p>Generell betr\u00e4gt die Ertragssteuer f\u00fcr alle juristischen Personen mit Sitz im F\u00fcrstentum Liechtenstein 12,5% vom steuerbaren Reinertrag bei einer Mindeststeuer von CHF 1.800,-- pro Jahr.<\/p>\n\n\n\n<p>Es werden keine Kapital- oder Couponsteuern mehr erhoben.<\/p>\n\n\n\n<p>Nicht zur Steuerbemessungsgrundlage z\u00e4hlen<\/p>\n\n\n\n<ul class=\"wp-block-list\"><li>Dividenden<\/li><li>Kapitalgewinne<\/li><li>Ausl\u00e4ndische Betriebsst\u00e4ttenergebnisse<\/li><li>Miet- und Pachtertr\u00e4ge ausl\u00e4ndischer Grundverm\u00f6gen<\/li><li>Grundst\u00fccksgewinne<\/li><li>Kapitalzuwachs aus Erbschaft, Verm\u00e4chtnis oder Schenkung<\/li><li>Kapitaleinlagen einschliesslich \u00e0 fonds perdu Leistungen<\/li><\/ul>\n\n\n\n<p>Weiters ist ein Eigenkapital-Zinsabzug von derzeit 4% zul\u00e4ssig, wodurch die Steuerbemessungsgrundlage reduziert und so der effektive Steuersatz gesenkt wird. Der Zinssatz wird j\u00e4hrlich von der Steuerverwaltung auf Basis des allgemeinen Zinsniveaus angepasst.<\/p>\n\n\n\n<p>Das modifizierte Eigenkapital errechnet sich wie folgt:<\/p>\n\n\n\n<p>+ einbezahltes Grundkapital<br>+ Reserven<br>- Beteiligungen an juristischen Personen<br>- ausl\u00e4ndisches Grundverm\u00f6gen<br>- ausl\u00e4ndisches Betriebsst\u00e4ttenverm\u00f6gen<br>- nicht betriebsnotwendiges Verm\u00f6gen<br>= modifiziertes Eigenkapital<\/p>\n<\/div>\n\n\n\n<div class=\"wp-block-column is-layout-flow wp-block-column-is-layout-flow\">\n<p><strong>Privatverm\u00f6gensstrukturen<\/strong><\/p>\n\n\n\n<p>In Anlehnung an die luxemburgische Soci\u00e9t\u00e9 de Gestion de Patrimoine Familial (SPF) wurde anstelle der besonderen Gesellschaftssteuern ein neues Steuerprivileg f\u00fcr juristische Personen, die ausschliesslich verm\u00f6gensverwaltend t\u00e4tig sind und keine wirtschaftliche T\u00e4tigkeit aus\u00fcben, die sogenannten Privatverm\u00f6gensstrukturen (PVS), normiert. Die Beschr\u00e4nkungen als PVS m\u00fcssen sich aus den Statuten ergeben.<\/p>\n\n\n\n<p>Der Status als PVS wird von der Steuerverwaltung auf Antrag bewilligt.<\/p>\n\n\n\n<p>PVS unterliegen lediglich der Mindestertragssteuer von CHF 1.800,-- pro Jahr.<\/p>\n\n\n\n<p><strong>Trusts<\/strong><\/p>\n\n\n\n<p>F\u00fcr Trusts mit Sitz oder tats\u00e4chlicher Verwaltung im F\u00fcrstentum Liechtenstein wird lediglich die Mindestertragssteuer von CHF 1.800,-- pro Jahr erhoben. Eine Veranlagung erfolgt nicht.<\/p>\n<\/div>\n<\/div>\n","protected":false},"excerpt":{"rendered":"<p>Mit dem im Januar 2011 in Kraft getretenen neuen Steuergesetz (Gesetz vom 23. September 2010 \u00fcber die Landes- und Gemeindesteuern) verf\u00fcgt das F\u00fcrstentum \u00fcber ein einfaches, international kompatibles und europarechtskonformes Steuerrecht. Ertragssteuer Generell betr\u00e4gt die Ertragssteuer f\u00fcr alle juristischen Personen mit Sitz im F\u00fcrstentum Liechtenstein 12,5% vom steuerbaren Reinertrag bei einer Mindeststeuer von CHF 1.800,&#8211; [&hellip;]<\/p>\n","protected":false},"author":1,"featured_media":276,"parent":0,"menu_order":4,"comment_status":"closed","ping_status":"closed","template":"","meta":{"_seopress_robots_primary_cat":"","_seopress_titles_title":"Steuern im F\u00fcrstentum Liechtenstein","_seopress_titles_desc":"Das F\u00fcrstentum Liechtenstein verf\u00fcgt \u00fcber ein einfaches, international kompatibles und europarechtskonformes Steuerrecht.","_seopress_robots_index":"","site-sidebar-layout":"default","site-content-layout":"default","ast-site-content-layout":"default","site-content-style":"default","site-sidebar-style":"default","ast-global-header-display":"","ast-banner-title-visibility":"","ast-main-header-display":"","ast-hfb-above-header-display":"","ast-hfb-below-header-display":"","ast-hfb-mobile-header-display":"","site-post-title":"","ast-breadcrumbs-content":"","ast-featured-img":"","footer-sml-layout":"","ast-disable-related-posts":"","theme-transparent-header-meta":"default","adv-header-id-meta":"","stick-header-meta":"default","header-above-stick-meta":"","header-main-stick-meta":"","header-below-stick-meta":"","astra-migrate-meta-layouts":"default","ast-page-background-enabled":"default","ast-page-background-meta":{"desktop":{"background-color":"","background-image":"","background-repeat":"repeat","background-position":"center center","background-size":"auto","background-attachment":"scroll","background-type":"","background-media":"","overlay-type":"","overlay-color":"","overlay-opacity":"","overlay-gradient":""},"tablet":{"background-color":"","background-image":"","background-repeat":"repeat","background-position":"center center","background-size":"auto","background-attachment":"scroll","background-type":"","background-media":"","overlay-type":"","overlay-color":"","overlay-opacity":"","overlay-gradient":""},"mobile":{"background-color":"","background-image":"","background-repeat":"repeat","background-position":"center center","background-size":"auto","background-attachment":"scroll","background-type":"","background-media":"","overlay-type":"","overlay-color":"","overlay-opacity":"","overlay-gradient":""}},"ast-content-background-meta":{"desktop":{"background-color":"var(--ast-global-color-5)","background-image":"","background-repeat":"repeat","background-position":"center center","background-size":"auto","background-attachment":"scroll","background-type":"","background-media":"","overlay-type":"","overlay-color":"","overlay-opacity":"","overlay-gradient":""},"tablet":{"background-color":"var(--ast-global-color-5)","background-image":"","background-repeat":"repeat","background-position":"center center","background-size":"auto","background-attachment":"scroll","background-type":"","background-media":"","overlay-type":"","overlay-color":"","overlay-opacity":"","overlay-gradient":""},"mobile":{"background-color":"var(--ast-global-color-5)","background-image":"","background-repeat":"repeat","background-position":"center center","background-size":"auto","background-attachment":"scroll","background-type":"","background-media":"","overlay-type":"","overlay-color":"","overlay-opacity":"","overlay-gradient":""}},"footnotes":""},"class_list":["post-57","page","type-page","status-publish","has-post-thumbnail","hentry"],"_links":{"self":[{"href":"https:\/\/www.juricon.li\/de\/wp-json\/wp\/v2\/pages\/57","targetHints":{"allow":["GET"]}}],"collection":[{"href":"https:\/\/www.juricon.li\/de\/wp-json\/wp\/v2\/pages"}],"about":[{"href":"https:\/\/www.juricon.li\/de\/wp-json\/wp\/v2\/types\/page"}],"author":[{"embeddable":true,"href":"https:\/\/www.juricon.li\/de\/wp-json\/wp\/v2\/users\/1"}],"replies":[{"embeddable":true,"href":"https:\/\/www.juricon.li\/de\/wp-json\/wp\/v2\/comments?post=57"}],"version-history":[{"count":5,"href":"https:\/\/www.juricon.li\/de\/wp-json\/wp\/v2\/pages\/57\/revisions"}],"predecessor-version":[{"id":283,"href":"https:\/\/www.juricon.li\/de\/wp-json\/wp\/v2\/pages\/57\/revisions\/283"}],"wp:featuredmedia":[{"embeddable":true,"href":"https:\/\/www.juricon.li\/de\/wp-json\/wp\/v2\/media\/276"}],"wp:attachment":[{"href":"https:\/\/www.juricon.li\/de\/wp-json\/wp\/v2\/media?parent=57"}],"curies":[{"name":"wp","href":"https:\/\/api.w.org\/{rel}","templated":true}]}}