{"id":59,"date":"2019-07-29T10:12:55","date_gmt":"2019-07-29T08:12:55","guid":{"rendered":"https:\/\/www.juricon.li\/fondsplatz\/"},"modified":"2020-01-08T15:05:28","modified_gmt":"2020-01-08T14:05:28","slug":"fondsplatz","status":"publish","type":"page","link":"https:\/\/www.juricon.li\/de\/fondsplatz\/","title":{"rendered":"Fondsplatz"},"content":{"rendered":"\n<p><strong>Besonders bedeutsam f\u00fcr den liechtensteinischen Finanzplatz ist das sehr moderne und liberale Fondsrecht, das seinen wesentlichen Ausfluss im Gesetz \u00fcber die Investmentunternehmen (IUG) und den dazugeh\u00f6rigen Verordnungen findet.<\/strong><\/p>\n\n\n\n<hr class=\"wp-block-separator is-style-wide\"\/>\n\n\n\n<p>Dar\u00fcber hinaus wurde mit dem per 1. August 2011 in Kraft getretenen Gesetz \u00fcber bestimmte Organismen f\u00fcr gemeinsame Anlagen in Wertpapieren (UCITSG) die UCITS IV Richtlinie der EU in Liechtenstein umgesetzt. Damit wird der Zugang des harmonisierten, standardisierten Investmentfonds, eben der UCITS (Undertaking for Collective Investment in Transferable Securities), zum europ\u00e4ischen Binnenmarkt weiter gest\u00e4rkt.<\/p>\n\n\n\n<hr class=\"wp-block-separator is-style-wide\"\/>\n\n\n\n<p><strong>Vorteile des Fondsstandorts Liechtenstein<\/strong><\/p>\n\n\n\n<ul class=\"wp-block-list\"><li><strong>Zukunftsorientierter Fondsstandort<\/strong>: Mit dem im Jahre 1996 in Kraft getretenen und im Jahre 2005 stark novellierten IUG hat Liechtenstein eine sehr moderne, liberale und kundenorientierte Rechtsgrundlage f\u00fcr Anlagefonds geschaffen. Das im August 2011 in Kraft getretene UCITSG st\u00e4rkt den Zugang des harmonisierten Investmentfonds zum Markt der EU.<\/li><li><strong>Internationale Kompatibilit\u00e4t der liechtensteinischen Fonds<\/strong>: Durch seine Mitgliedschaft im europ\u00e4ischen Wirtschaftsraum (EWR) und die Umsetzung aller relevanten EU Richtlinien hat Liechtenstein f\u00fcr die Fonds einen in jeder Hinsicht unb\u00fcrokratischen und diskriminierungsfreien Zugang zum europ\u00e4ischen Markt geschaffen.<\/li><li><strong>Unb\u00fcrokratische Errichtung der Fonds<\/strong>: Zum einen ist ein rasches und unb\u00fcrokratisches Bewilligungsverfahren durch die Finanzmarktaufsicht gesetzlich verankert, da eine Maximaldauer f\u00fcr Standardprodukte vorgesehen ist. Dazu kommt eine rasche Errichtung von Fonds f\u00fcr qualifizierte Anleger in einem vereinfachten Verfahren.<\/li><li><strong>Schwerpunkt Anlegerschutz<\/strong>: Der Anlegerschutz nimmt nach den Bestimmungen des liechtensteinischen Fondsrechtes einen hohen Stellenwert ein. Die Gesch\u00e4ftst\u00e4tigkeit der Fondsleitungen wird laufend durch die staatliche Aufsichtsbeh\u00f6rde und die gesetzliche, von der FMA zu bewilligende, Revisionsgesellschaft \u00fcberpr\u00fcft.<\/li><li><strong>Individuelle L\u00f6sungen<\/strong>: Das liechtensteinische Fondsrecht erm\u00f6glicht sehr individuelle L\u00f6sungen auch f\u00fcr einzelne Investoren, insbesondere \u00fcber sogenannte \u201ePrivate Label Fonds\u201c.<\/li><\/ul>\n\n\n\n<hr class=\"wp-block-separator is-style-wide\"\/>\n\n\n\n<p>F\u00fcr detailliertere Informationen besuchen Sie die Website unseres Partners Caiac Fund Management AG, Bendern, unter&nbsp;<a href=\"http:\/\/www.caiac.li\/\" target=\"_blank\" rel=\"noreferrer noopener\">www.caiac.li<\/a>.<\/p>\n\n\n\n<figure class=\"wp-block-image\"><a href=\"http:\/\/www.caiac.li\/de\/\" target=\"_blank\" rel=\"noreferrer noopener\"><img decoding=\"async\" width=\"223\" height=\"81\" src=\"https:\/\/www.juricon.li\/wp-content\/uploads\/2019\/09\/caiac.png\" alt=\"\" class=\"wp-image-294\"\/><\/a><\/figure>\n","protected":false},"excerpt":{"rendered":"<p>Besonders bedeutsam f\u00fcr den liechtensteinischen Finanzplatz ist das sehr moderne und liberale Fondsrecht, das seinen wesentlichen Ausfluss im Gesetz \u00fcber die Investmentunternehmen (IUG) und den dazugeh\u00f6rigen Verordnungen findet. Dar\u00fcber hinaus wurde mit dem per 1. August 2011 in Kraft getretenen Gesetz \u00fcber bestimmte Organismen f\u00fcr gemeinsame Anlagen in Wertpapieren (UCITSG) die UCITS IV Richtlinie der [&hellip;]<\/p>\n","protected":false},"author":1,"featured_media":290,"parent":0,"menu_order":6,"comment_status":"closed","ping_status":"closed","template":"","meta":{"_seopress_robots_primary_cat":"","_seopress_titles_title":"Fondsplatz F\u00fcrstentum Liechtenstein","_seopress_titles_desc":"Der liechtensteinische Finanzplatz bietet ein sehr modernes und liberales Fondsrecht.","_seopress_robots_index":"","_seopress_analysis_target_kw":"","site-sidebar-layout":"default","site-content-layout":"default","ast-site-content-layout":"default","site-content-style":"default","site-sidebar-style":"default","ast-global-header-display":"","ast-banner-title-visibility":"","ast-main-header-display":"","ast-hfb-above-header-display":"","ast-hfb-below-header-display":"","ast-hfb-mobile-header-display":"","site-post-title":"","ast-breadcrumbs-content":"","ast-featured-img":"","footer-sml-layout":"","ast-disable-related-posts":"","theme-transparent-header-meta":"default","adv-header-id-meta":"","stick-header-meta":"default","header-above-stick-meta":"","header-main-stick-meta":"","header-below-stick-meta":"","astra-migrate-meta-layouts":"default","ast-page-background-enabled":"default","ast-page-background-meta":{"desktop":{"background-color":"","background-image":"","background-repeat":"repeat","background-position":"center center","background-size":"auto","background-attachment":"scroll","background-type":"","background-media":"","overlay-type":"","overlay-color":"","overlay-opacity":"","overlay-gradient":""},"tablet":{"background-color":"","background-image":"","background-repeat":"repeat","background-position":"center center","background-size":"auto","background-attachment":"scroll","background-type":"","background-media":"","overlay-type":"","overlay-color":"","overlay-opacity":"","overlay-gradient":""},"mobile":{"background-color":"","background-image":"","background-repeat":"repeat","background-position":"center center","background-size":"auto","background-attachment":"scroll","background-type":"","background-media":"","overlay-type":"","overlay-color":"","overlay-opacity":"","overlay-gradient":""}},"ast-content-background-meta":{"desktop":{"background-color":"var(--ast-global-color-5)","background-image":"","background-repeat":"repeat","background-position":"center center","background-size":"auto","background-attachment":"scroll","background-type":"","background-media":"","overlay-type":"","overlay-color":"","overlay-opacity":"","overlay-gradient":""},"tablet":{"background-color":"var(--ast-global-color-5)","background-image":"","background-repeat":"repeat","background-position":"center center","background-size":"auto","background-attachment":"scroll","background-type":"","background-media":"","overlay-type":"","overlay-color":"","overlay-opacity":"","overlay-gradient":""},"mobile":{"background-color":"var(--ast-global-color-5)","background-image":"","background-repeat":"repeat","background-position":"center center","background-size":"auto","background-attachment":"scroll","background-type":"","background-media":"","overlay-type":"","overlay-color":"","overlay-opacity":"","overlay-gradient":""}},"footnotes":""},"class_list":["post-59","page","type-page","status-publish","has-post-thumbnail","hentry"],"_links":{"self":[{"href":"https:\/\/www.juricon.li\/de\/wp-json\/wp\/v2\/pages\/59","targetHints":{"allow":["GET"]}}],"collection":[{"href":"https:\/\/www.juricon.li\/de\/wp-json\/wp\/v2\/pages"}],"about":[{"href":"https:\/\/www.juricon.li\/de\/wp-json\/wp\/v2\/types\/page"}],"author":[{"embeddable":true,"href":"https:\/\/www.juricon.li\/de\/wp-json\/wp\/v2\/users\/1"}],"replies":[{"embeddable":true,"href":"https:\/\/www.juricon.li\/de\/wp-json\/wp\/v2\/comments?post=59"}],"version-history":[{"count":2,"href":"https:\/\/www.juricon.li\/de\/wp-json\/wp\/v2\/pages\/59\/revisions"}],"predecessor-version":[{"id":519,"href":"https:\/\/www.juricon.li\/de\/wp-json\/wp\/v2\/pages\/59\/revisions\/519"}],"wp:featuredmedia":[{"embeddable":true,"href":"https:\/\/www.juricon.li\/de\/wp-json\/wp\/v2\/media\/290"}],"wp:attachment":[{"href":"https:\/\/www.juricon.li\/de\/wp-json\/wp\/v2\/media?parent=59"}],"curies":[{"name":"wp","href":"https:\/\/api.w.org\/{rel}","templated":true}]}}