{"id":61,"date":"2019-07-29T10:13:37","date_gmt":"2019-07-29T08:13:37","guid":{"rendered":"https:\/\/www.juricon.li\/unsere-dienstleistungen\/asset-protection\/"},"modified":"2019-09-04T17:33:52","modified_gmt":"2019-09-04T15:33:52","slug":"asset-protection","status":"publish","type":"page","link":"https:\/\/www.juricon.li\/de\/unsere-dienstleistungen\/asset-protection\/","title":{"rendered":"Asset Protection"},"content":{"rendered":"\n<p><strong>\u201eAsset Protection\u201c bedeutet pr\u00e4ventiver Schutz des privaten Verm\u00f6gens vor Anspr\u00fcchen und ungewolltem Zugriff Dritter im weitesten Sinne.<\/strong><\/p>\n\n\n\n<hr class=\"wp-block-separator is-style-wide\"\/>\n\n\n\n<div class=\"wp-block-columns has-2-columns is-layout-flex wp-container-core-columns-is-layout-28f84493 wp-block-columns-is-layout-flex\">\n<div class=\"wp-block-column is-layout-flow wp-block-column-is-layout-flow\">\n<p>Die konkrete L\u00f6sung h\u00e4ngt von den individuellen Lebensumst\u00e4nden ab, z.B. der Art und dem Ort der Gesch\u00e4ftst\u00e4tigkeit, dem Wohnsitz, dem zeitlichen Horizont, der Art der Verm\u00f6genswerte, der Familienkonstellation etc.<\/p>\n<\/div>\n\n\n\n<div class=\"wp-block-column is-layout-flow wp-block-column-is-layout-flow\">\n<p>Wir erarbeiten massgeschneiderte Konzepte, die einerseits eine flexible Anpassung an sich \u00e4ndernde Situationen erlauben und andererseits auf legale und steuerkonforme Weise Verm\u00f6genswerte bestm\u00f6glich sch\u00fctzen.<\/p>\n<\/div>\n<\/div>\n","protected":false},"excerpt":{"rendered":"<p>\u201eAsset Protection\u201c bedeutet pr\u00e4ventiver Schutz des privaten Verm\u00f6gens vor Anspr\u00fcchen und ungewolltem Zugriff Dritter im weitesten Sinne. Die konkrete L\u00f6sung h\u00e4ngt von den individuellen Lebensumst\u00e4nden ab, z.B. der Art und dem Ort der Gesch\u00e4ftst\u00e4tigkeit, dem Wohnsitz, dem zeitlichen Horizont, der Art der Verm\u00f6genswerte, der Familienkonstellation etc. Wir erarbeiten massgeschneiderte Konzepte, die einerseits eine flexible Anpassung [&hellip;]<\/p>\n","protected":false},"author":1,"featured_media":262,"parent":55,"menu_order":8,"comment_status":"closed","ping_status":"closed","template":"","meta":{"_seopress_robots_primary_cat":"","_seopress_titles_title":"Asset Protection, Liechtenstein","_seopress_titles_desc":"Pr\u00e4ventiver Schutz des privaten Verm\u00f6gens vor Anspr\u00fcchen und ungewolltem Zugriff Dritter im weitesten Sinne.","_seopress_robots_index":"","site-sidebar-layout":"default","site-content-layout":"default","ast-site-content-layout":"default","site-content-style":"default","site-sidebar-style":"default","ast-global-header-display":"","ast-banner-title-visibility":"","ast-main-header-display":"","ast-hfb-above-header-display":"","ast-hfb-below-header-display":"","ast-hfb-mobile-header-display":"","site-post-title":"","ast-breadcrumbs-content":"","ast-featured-img":"","footer-sml-layout":"","ast-disable-related-posts":"","theme-transparent-header-meta":"default","adv-header-id-meta":"","stick-header-meta":"default","header-above-stick-meta":"","header-main-stick-meta":"","header-below-stick-meta":"","astra-migrate-meta-layouts":"default","ast-page-background-enabled":"default","ast-page-background-meta":{"desktop":{"background-color":"","background-image":"","background-repeat":"repeat","background-position":"center center","background-size":"auto","background-attachment":"scroll","background-type":"","background-media":"","overlay-type":"","overlay-color":"","overlay-opacity":"","overlay-gradient":""},"tablet":{"background-color":"","background-image":"","background-repeat":"repeat","background-position":"center center","background-size":"auto","background-attachment":"scroll","background-type":"","background-media":"","overlay-type":"","overlay-color":"","overlay-opacity":"","overlay-gradient":""},"mobile":{"background-color":"","background-image":"","background-repeat":"repeat","background-position":"center center","background-size":"auto","background-attachment":"scroll","background-type":"","background-media":"","overlay-type":"","overlay-color":"","overlay-opacity":"","overlay-gradient":""}},"ast-content-background-meta":{"desktop":{"background-color":"var(--ast-global-color-5)","background-image":"","background-repeat":"repeat","background-position":"center center","background-size":"auto","background-attachment":"scroll","background-type":"","background-media":"","overlay-type":"","overlay-color":"","overlay-opacity":"","overlay-gradient":""},"tablet":{"background-color":"var(--ast-global-color-5)","background-image":"","background-repeat":"repeat","background-position":"center center","background-size":"auto","background-attachment":"scroll","background-type":"","background-media":"","overlay-type":"","overlay-color":"","overlay-opacity":"","overlay-gradient":""},"mobile":{"background-color":"var(--ast-global-color-5)","background-image":"","background-repeat":"repeat","background-position":"center center","background-size":"auto","background-attachment":"scroll","background-type":"","background-media":"","overlay-type":"","overlay-color":"","overlay-opacity":"","overlay-gradient":""}},"footnotes":""},"class_list":["post-61","page","type-page","status-publish","has-post-thumbnail","hentry"],"_links":{"self":[{"href":"https:\/\/www.juricon.li\/de\/wp-json\/wp\/v2\/pages\/61","targetHints":{"allow":["GET"]}}],"collection":[{"href":"https:\/\/www.juricon.li\/de\/wp-json\/wp\/v2\/pages"}],"about":[{"href":"https:\/\/www.juricon.li\/de\/wp-json\/wp\/v2\/types\/page"}],"author":[{"embeddable":true,"href":"https:\/\/www.juricon.li\/de\/wp-json\/wp\/v2\/users\/1"}],"replies":[{"embeddable":true,"href":"https:\/\/www.juricon.li\/de\/wp-json\/wp\/v2\/comments?post=61"}],"version-history":[{"count":3,"href":"https:\/\/www.juricon.li\/de\/wp-json\/wp\/v2\/pages\/61\/revisions"}],"predecessor-version":[{"id":238,"href":"https:\/\/www.juricon.li\/de\/wp-json\/wp\/v2\/pages\/61\/revisions\/238"}],"up":[{"embeddable":true,"href":"https:\/\/www.juricon.li\/de\/wp-json\/wp\/v2\/pages\/55"}],"wp:featuredmedia":[{"embeddable":true,"href":"https:\/\/www.juricon.li\/de\/wp-json\/wp\/v2\/media\/262"}],"wp:attachment":[{"href":"https:\/\/www.juricon.li\/de\/wp-json\/wp\/v2\/media?parent=61"}],"curies":[{"name":"wp","href":"https:\/\/api.w.org\/{rel}","templated":true}]}}