{"id":62,"date":"2019-07-29T10:13:37","date_gmt":"2019-07-29T08:13:37","guid":{"rendered":"https:\/\/www.juricon.li\/unsere-dienstleistungen\/nachfolgeregelungen\/"},"modified":"2019-07-30T13:14:17","modified_gmt":"2019-07-30T11:14:17","slug":"nachfolgeregelungen","status":"publish","type":"page","link":"https:\/\/www.juricon.li\/de\/unsere-dienstleistungen\/nachfolgeregelungen\/","title":{"rendered":"Nachfolgeregelungen"},"content":{"rendered":"\n<p><strong>Ein verantwortungsvoller Umgang mit Verm\u00f6genswerten erfordert auch eine rechtzeitige und nachhaltige Nachfolgeregelung, um Verm\u00f6gen f\u00fcr folgende Generationen zu erhalten, Familienmitglieder zu sch\u00fctzen und abzusichern sowie insbesondere auch um unn\u00f6tige Konflikte und Erbschaftsstreitigkeiten zu vermeiden.<\/strong><\/p>\n\n\n\n<hr class=\"wp-block-separator is-style-wide\"\/>\n\n\n\n<div class=\"wp-block-columns has-2-columns is-layout-flex wp-container-core-columns-is-layout-28f84493 wp-block-columns-is-layout-flex\">\n<div class=\"wp-block-column is-layout-flow wp-block-column-is-layout-flow\">\n<p>Oftmals ist gerade bei gr\u00f6sseren Verm\u00f6gen die Errichtung einer Struktur (Stiftung, Trust) sinnvoll, um einen Ausgleich zwischen den verschiedenen, teils divergierenden Interessen herzustellen und individuelle L\u00f6sungen zu erm\u00f6glichen. Durch die damit einhergehende Begleitung und Beratung durch erfahrene, neutrale Personen werden Interessenkollisionen vermieden und eine optimale Umsetzung der gew\u00fcnschten Nachfolgeregelungen sichergestellt.<\/p>\n\n\n\n<p><\/p>\n<\/div>\n\n\n\n<div class=\"wp-block-column is-layout-flow wp-block-column-is-layout-flow\">\n<p>Wir bieten Hilfestellung bei der Planung und Umsetzung von Nachfolgeregelungen, sei es innerhalb der Familie oder auch f\u00fcr gemeinn\u00fctzige Zwecke.<\/p>\n<\/div>\n<\/div>\n","protected":false},"excerpt":{"rendered":"<p>Ein verantwortungsvoller Umgang mit Verm\u00f6genswerten erfordert auch eine rechtzeitige und nachhaltige Nachfolgeregelung, um Verm\u00f6gen f\u00fcr folgende Generationen zu erhalten, Familienmitglieder zu sch\u00fctzen und abzusichern sowie insbesondere auch um unn\u00f6tige Konflikte und Erbschaftsstreitigkeiten zu vermeiden. Oftmals ist gerade bei gr\u00f6sseren Verm\u00f6gen die Errichtung einer Struktur (Stiftung, Trust) sinnvoll, um einen Ausgleich zwischen den verschiedenen, teils divergierenden [&hellip;]<\/p>\n","protected":false},"author":1,"featured_media":233,"parent":55,"menu_order":9,"comment_status":"closed","ping_status":"closed","template":"","meta":{"_seopress_robots_primary_cat":"","_seopress_titles_title":"Nachfolgeregelungen, Liechtenstein","_seopress_titles_desc":"Verm\u00f6gen f\u00fcr Generationen erhalten, Familienmitglieder sch\u00fctzen und absichern, Erbschaftsstreitigkeiten vermeiden.","_seopress_robots_index":"","site-sidebar-layout":"default","site-content-layout":"default","ast-site-content-layout":"default","site-content-style":"default","site-sidebar-style":"default","ast-global-header-display":"","ast-banner-title-visibility":"","ast-main-header-display":"","ast-hfb-above-header-display":"","ast-hfb-below-header-display":"","ast-hfb-mobile-header-display":"","site-post-title":"","ast-breadcrumbs-content":"","ast-featured-img":"","footer-sml-layout":"","ast-disable-related-posts":"","theme-transparent-header-meta":"default","adv-header-id-meta":"","stick-header-meta":"default","header-above-stick-meta":"","header-main-stick-meta":"","header-below-stick-meta":"","astra-migrate-meta-layouts":"default","ast-page-background-enabled":"default","ast-page-background-meta":{"desktop":{"background-color":"","background-image":"","background-repeat":"repeat","background-position":"center center","background-size":"auto","background-attachment":"scroll","background-type":"","background-media":"","overlay-type":"","overlay-color":"","overlay-opacity":"","overlay-gradient":""},"tablet":{"background-color":"","background-image":"","background-repeat":"repeat","background-position":"center center","background-size":"auto","background-attachment":"scroll","background-type":"","background-media":"","overlay-type":"","overlay-color":"","overlay-opacity":"","overlay-gradient":""},"mobile":{"background-color":"","background-image":"","background-repeat":"repeat","background-position":"center center","background-size":"auto","background-attachment":"scroll","background-type":"","background-media":"","overlay-type":"","overlay-color":"","overlay-opacity":"","overlay-gradient":""}},"ast-content-background-meta":{"desktop":{"background-color":"var(--ast-global-color-5)","background-image":"","background-repeat":"repeat","background-position":"center center","background-size":"auto","background-attachment":"scroll","background-type":"","background-media":"","overlay-type":"","overlay-color":"","overlay-opacity":"","overlay-gradient":""},"tablet":{"background-color":"var(--ast-global-color-5)","background-image":"","background-repeat":"repeat","background-position":"center center","background-size":"auto","background-attachment":"scroll","background-type":"","background-media":"","overlay-type":"","overlay-color":"","overlay-opacity":"","overlay-gradient":""},"mobile":{"background-color":"var(--ast-global-color-5)","background-image":"","background-repeat":"repeat","background-position":"center center","background-size":"auto","background-attachment":"scroll","background-type":"","background-media":"","overlay-type":"","overlay-color":"","overlay-opacity":"","overlay-gradient":""}},"footnotes":""},"class_list":["post-62","page","type-page","status-publish","has-post-thumbnail","hentry"],"_links":{"self":[{"href":"https:\/\/www.juricon.li\/de\/wp-json\/wp\/v2\/pages\/62","targetHints":{"allow":["GET"]}}],"collection":[{"href":"https:\/\/www.juricon.li\/de\/wp-json\/wp\/v2\/pages"}],"about":[{"href":"https:\/\/www.juricon.li\/de\/wp-json\/wp\/v2\/types\/page"}],"author":[{"embeddable":true,"href":"https:\/\/www.juricon.li\/de\/wp-json\/wp\/v2\/users\/1"}],"replies":[{"embeddable":true,"href":"https:\/\/www.juricon.li\/de\/wp-json\/wp\/v2\/comments?post=62"}],"version-history":[{"count":2,"href":"https:\/\/www.juricon.li\/de\/wp-json\/wp\/v2\/pages\/62\/revisions"}],"predecessor-version":[{"id":237,"href":"https:\/\/www.juricon.li\/de\/wp-json\/wp\/v2\/pages\/62\/revisions\/237"}],"up":[{"embeddable":true,"href":"https:\/\/www.juricon.li\/de\/wp-json\/wp\/v2\/pages\/55"}],"wp:featuredmedia":[{"embeddable":true,"href":"https:\/\/www.juricon.li\/de\/wp-json\/wp\/v2\/media\/233"}],"wp:attachment":[{"href":"https:\/\/www.juricon.li\/de\/wp-json\/wp\/v2\/media?parent=62"}],"curies":[{"name":"wp","href":"https:\/\/api.w.org\/{rel}","templated":true}]}}