{"id":64,"date":"2019-07-29T10:13:37","date_gmt":"2019-07-29T08:13:37","guid":{"rendered":"https:\/\/www.juricon.li\/unsere-dienstleistungen\/gesellschaften\/"},"modified":"2019-07-30T13:14:53","modified_gmt":"2019-07-30T11:14:53","slug":"gesellschaften","status":"publish","type":"page","link":"https:\/\/www.juricon.li\/de\/unsere-dienstleistungen\/gesellschaften\/","title":{"rendered":"Gesellschaften"},"content":{"rendered":"\n<p><strong>Das liechtensteinische Gesellschaftsrecht, kodifiziert im Personen- und Gesellschaftsrecht (PGR), stammt aus dem Jahr 1926 und wurde seither mehrfach novelliert, so umfassend im Jahr 2009 hinsichtlich des Stiftungsrechts.<\/strong><\/p>\n\n\n\n<hr class=\"wp-block-separator is-style-wide\"\/>\n\n\n\n<div class=\"wp-block-columns has-2-columns is-layout-flex wp-container-core-columns-is-layout-28f84493 wp-block-columns-is-layout-flex\">\n<div class=\"wp-block-column is-layout-flow wp-block-column-is-layout-flow\">\n<p>Das PGR stellt eine Vielzahl von Gesellschaftsformen zur Verf\u00fcgung, von denen f\u00fcr die Rolle des F\u00fcrstentums Liechtenstein als internationaler Finanzplatz in erster Linie die Stiftung, die Anstalt und die Aktiengesellschaft Bedeutung erlangt haben.&nbsp;<\/p>\n\n\n\n<p>Das F\u00fcrstentum Liechtenstein hat zudem als einziges kontinentaleurop\u00e4isches Land in der Form der Treuh\u00e4nderschaft den Trust des Common Law in seine Rechtsordnung \u00fcbernommen.&nbsp;<\/p>\n<\/div>\n\n\n\n<div class=\"wp-block-column is-layout-flow wp-block-column-is-layout-flow\">\n<p>Das PGR bel\u00e4sst durch die im Vergleich mit anderen Staaten geringe Anzahl zwingender Rechtsvorschriften einen grossen Freiraum f\u00fcr individuelle L\u00f6sungen.<\/p>\n\n\n\n<p>Neben der Gr\u00fcndung und Verwaltung liechtensteinischer Gesellschaften und Verbandspersonen k\u00f6nnen wir unseren Kunden bei Bedarf auch die Verwaltung ausl\u00e4ndischer Gesellschaften aus verschiedensten Jurisdiktionen anbieten.<\/p>\n<\/div>\n<\/div>\n","protected":false},"excerpt":{"rendered":"<p>Das liechtensteinische Gesellschaftsrecht, kodifiziert im Personen- und Gesellschaftsrecht (PGR), stammt aus dem Jahr 1926 und wurde seither mehrfach novelliert, so umfassend im Jahr 2009 hinsichtlich des Stiftungsrechts. Das PGR stellt eine Vielzahl von Gesellschaftsformen zur Verf\u00fcgung, von denen f\u00fcr die Rolle des F\u00fcrstentums Liechtenstein als internationaler Finanzplatz in erster Linie die Stiftung, die Anstalt und [&hellip;]<\/p>\n","protected":false},"author":1,"featured_media":243,"parent":55,"menu_order":11,"comment_status":"closed","ping_status":"closed","template":"","meta":{"_seopress_robots_primary_cat":"","_seopress_titles_title":"Rechtsformen F\u00fcrstentum Liechtenstein","_seopress_titles_desc":"Stiftung, Trust, Anstalt und Aktiengesellschaft sind Rechtsformen nach dem Recht des F\u00fcrstentums Liechtenstein.","_seopress_robots_index":"","site-sidebar-layout":"default","site-content-layout":"default","ast-site-content-layout":"default","site-content-style":"default","site-sidebar-style":"default","ast-global-header-display":"","ast-banner-title-visibility":"","ast-main-header-display":"","ast-hfb-above-header-display":"","ast-hfb-below-header-display":"","ast-hfb-mobile-header-display":"","site-post-title":"","ast-breadcrumbs-content":"","ast-featured-img":"","footer-sml-layout":"","ast-disable-related-posts":"","theme-transparent-header-meta":"default","adv-header-id-meta":"","stick-header-meta":"default","header-above-stick-meta":"","header-main-stick-meta":"","header-below-stick-meta":"","astra-migrate-meta-layouts":"default","ast-page-background-enabled":"default","ast-page-background-meta":{"desktop":{"background-color":"","background-image":"","background-repeat":"repeat","background-position":"center center","background-size":"auto","background-attachment":"scroll","background-type":"","background-media":"","overlay-type":"","overlay-color":"","overlay-opacity":"","overlay-gradient":""},"tablet":{"background-color":"","background-image":"","background-repeat":"repeat","background-position":"center center","background-size":"auto","background-attachment":"scroll","background-type":"","background-media":"","overlay-type":"","overlay-color":"","overlay-opacity":"","overlay-gradient":""},"mobile":{"background-color":"","background-image":"","background-repeat":"repeat","background-position":"center center","background-size":"auto","background-attachment":"scroll","background-type":"","background-media":"","overlay-type":"","overlay-color":"","overlay-opacity":"","overlay-gradient":""}},"ast-content-background-meta":{"desktop":{"background-color":"var(--ast-global-color-5)","background-image":"","background-repeat":"repeat","background-position":"center center","background-size":"auto","background-attachment":"scroll","background-type":"","background-media":"","overlay-type":"","overlay-color":"","overlay-opacity":"","overlay-gradient":""},"tablet":{"background-color":"var(--ast-global-color-5)","background-image":"","background-repeat":"repeat","background-position":"center center","background-size":"auto","background-attachment":"scroll","background-type":"","background-media":"","overlay-type":"","overlay-color":"","overlay-opacity":"","overlay-gradient":""},"mobile":{"background-color":"var(--ast-global-color-5)","background-image":"","background-repeat":"repeat","background-position":"center center","background-size":"auto","background-attachment":"scroll","background-type":"","background-media":"","overlay-type":"","overlay-color":"","overlay-opacity":"","overlay-gradient":""}},"footnotes":""},"class_list":["post-64","page","type-page","status-publish","has-post-thumbnail","hentry"],"_links":{"self":[{"href":"https:\/\/www.juricon.li\/de\/wp-json\/wp\/v2\/pages\/64","targetHints":{"allow":["GET"]}}],"collection":[{"href":"https:\/\/www.juricon.li\/de\/wp-json\/wp\/v2\/pages"}],"about":[{"href":"https:\/\/www.juricon.li\/de\/wp-json\/wp\/v2\/types\/page"}],"author":[{"embeddable":true,"href":"https:\/\/www.juricon.li\/de\/wp-json\/wp\/v2\/users\/1"}],"replies":[{"embeddable":true,"href":"https:\/\/www.juricon.li\/de\/wp-json\/wp\/v2\/comments?post=64"}],"version-history":[{"count":2,"href":"https:\/\/www.juricon.li\/de\/wp-json\/wp\/v2\/pages\/64\/revisions"}],"predecessor-version":[{"id":247,"href":"https:\/\/www.juricon.li\/de\/wp-json\/wp\/v2\/pages\/64\/revisions\/247"}],"up":[{"embeddable":true,"href":"https:\/\/www.juricon.li\/de\/wp-json\/wp\/v2\/pages\/55"}],"wp:featuredmedia":[{"embeddable":true,"href":"https:\/\/www.juricon.li\/de\/wp-json\/wp\/v2\/media\/243"}],"wp:attachment":[{"href":"https:\/\/www.juricon.li\/de\/wp-json\/wp\/v2\/media?parent=64"}],"curies":[{"name":"wp","href":"https:\/\/api.w.org\/{rel}","templated":true}]}}